{"id":16163,"date":"2024-01-03T16:39:04","date_gmt":"2024-01-03T16:39:04","guid":{"rendered":"https:\/\/avanzakayak.witty-fox.com\/?post_type=product&#038;p=16163"},"modified":"2024-01-03T16:39:04","modified_gmt":"2024-01-03T16:39:04","slug":"pakboats-pakpod-dacksvaska-ar-en-vattentat-dacksvaska-med-rullforslutning-for-din-utrustning-du-vill-ha-tillganglig-pa-dack-pakpod-levereras-med-en-separat-sele-som-monteras-pa-kajaken-kanoten","status":"publish","type":"product","link":"https:\/\/avanzakayak.witty-fox.com\/sv\/produkt\/pakboats-pakpod-dacksvaska-ar-en-vattentat-dacksvaska-med-rullforslutning-for-din-utrustning-du-vill-ha-tillganglig-pa-dack-pakpod-levereras-med-en-separat-sele-som-monteras-pa-kajaken-kanoten\/","title":{"rendered":"Pakboats PakPod\u00a0d\u00e4cksv\u00e4ska \u00e4r en vattent\u00e4t d\u00e4cksv\u00e4ska med rullf\u00f6rslutning f\u00f6r din utrustning du vill ha tillg\u00e4nglig p\u00e5 d\u00e4ck. PakPod levereras med en separat sele, som monteras p\u00e5 kajaken\/kanoten."},"content":{"rendered":"<p>&nbsp;<\/p>\n<p>&nbsp;<\/p>\n<p>\u200b<\/p>\n<p>&nbsp;<\/p>","protected":false},"excerpt":{"rendered":"<p>Pakboats PakPod\u00a0d\u00e4cksv\u00e4ska \u00e4r en vattent\u00e4t d\u00e4cksv\u00e4ska med rullf\u00f6rslutning f\u00f6r din utrustning du vill ha tillg\u00e4nglig p\u00e5 d\u00e4ck. PakPod levereras med en separat sele, som monteras p\u00e5 kajaken\/kanoten. Detta arrangemang g\u00f6r det l\u00e4tt att avl\u00e4gsna eller s\u00e4tta tillbaka v\u00e4skan p\u00e5 d\u00e4ck. PakPod fungerar \u00e4ven som paddelflott\u00f6r och ryggs\u00e4ck. PakPod har m\u00e5tten: 43x28x12 cm. Vikt: 0,9 kg. Volym: 10 liter. F\u00e4rg: Gul.<\/p>\n<p>Mer info om PakPod klicka\u00a0<a href=\"https:\/\/avanzakayak.com\/PakPod.pdf\">h\u00e4r<\/a> (PDF<\/p>","protected":false},"featured_media":16164,"comment_status":"open","ping_status":"closed","template":"","meta":[],"product_cat":[76],"product_tag":[],"_links":{"self":[{"href":"https:\/\/avanzakayak.witty-fox.com\/sv\/wp-json\/wp\/v2\/product\/16163"}],"collection":[{"href":"https:\/\/avanzakayak.witty-fox.com\/sv\/wp-json\/wp\/v2\/product"}],"about":[{"href":"https:\/\/avanzakayak.witty-fox.com\/sv\/wp-json\/wp\/v2\/types\/product"}],"replies":[{"embeddable":true,"href":"https:\/\/avanzakayak.witty-fox.com\/sv\/wp-json\/wp\/v2\/comments?post=16163"}],"version-history":[{"count":1,"href":"https:\/\/avanzakayak.witty-fox.com\/sv\/wp-json\/wp\/v2\/product\/16163\/revisions"}],"predecessor-version":[{"id":16165,"href":"https:\/\/avanzakayak.witty-fox.com\/sv\/wp-json\/wp\/v2\/product\/16163\/revisions\/16165"}],"wp:featuredmedia":[{"embeddable":true,"href":"https:\/\/avanzakayak.witty-fox.com\/sv\/wp-json\/wp\/v2\/media\/16164"}],"wp:attachment":[{"href":"https:\/\/avanzakayak.witty-fox.com\/sv\/wp-json\/wp\/v2\/media?parent=16163"}],"wp:term":[{"taxonomy":"product_cat","embeddable":true,"href":"https:\/\/avanzakayak.witty-fox.com\/sv\/wp-json\/wp\/v2\/product_cat?post=16163"},{"taxonomy":"product_tag","embeddable":true,"href":"https:\/\/avanzakayak.witty-fox.com\/sv\/wp-json\/wp\/v2\/product_tag?post=16163"}],"curies":[{"name":"wp","href":"https:\/\/api.w.org\/{rel}","templated":true}]}}