{"id":16158,"date":"2024-01-03T16:33:29","date_gmt":"2024-01-03T16:33:29","guid":{"rendered":"https:\/\/avanzakayak.witty-fox.com\/?post_type=product&#038;p=16158"},"modified":"2024-01-03T16:33:43","modified_gmt":"2024-01-03T16:33:43","slug":"pakboats-spray-skirt-en-bygel-tvars-over-kapellet-forhindra-vattensamling-kapellet-ar-tillverkat-av-nylon","status":"publish","type":"product","link":"https:\/\/avanzakayak.witty-fox.com\/sv\/produkt\/pakboats-spray-skirt-en-bygel-tvars-over-kapellet-forhindra-vattensamling-kapellet-ar-tillverkat-av-nylon\/","title":{"rendered":"Pakboats Spray Skirt. En bygel tv\u00e4rs \u00f6ver kapellet f\u00f6rhindra vattensamling. Kapellet \u00e4r tillverkat av nylon."},"content":{"rendered":"","protected":false},"excerpt":{"rendered":"<p><strong>Pakboats Spray Skirt<\/strong>. En bygel tv\u00e4rs \u00f6ver kapellet f\u00f6rhindra vattensamling. Kapellet \u00e4r tillverkat av nylon. Den passar Saco, Saranac och Quest 150. L\u00e4ngd: 84 cm (33\u2033). Bredd: 43 cm (17\u2033). F\u00e4rg: Svart.<\/p>","protected":false},"featured_media":16155,"comment_status":"open","ping_status":"closed","template":"","meta":[],"product_cat":[76],"product_tag":[],"_links":{"self":[{"href":"https:\/\/avanzakayak.witty-fox.com\/sv\/wp-json\/wp\/v2\/product\/16158"}],"collection":[{"href":"https:\/\/avanzakayak.witty-fox.com\/sv\/wp-json\/wp\/v2\/product"}],"about":[{"href":"https:\/\/avanzakayak.witty-fox.com\/sv\/wp-json\/wp\/v2\/types\/product"}],"replies":[{"embeddable":true,"href":"https:\/\/avanzakayak.witty-fox.com\/sv\/wp-json\/wp\/v2\/comments?post=16158"}],"version-history":[{"count":1,"href":"https:\/\/avanzakayak.witty-fox.com\/sv\/wp-json\/wp\/v2\/product\/16158\/revisions"}],"predecessor-version":[{"id":16159,"href":"https:\/\/avanzakayak.witty-fox.com\/sv\/wp-json\/wp\/v2\/product\/16158\/revisions\/16159"}],"wp:featuredmedia":[{"embeddable":true,"href":"https:\/\/avanzakayak.witty-fox.com\/sv\/wp-json\/wp\/v2\/media\/16155"}],"wp:attachment":[{"href":"https:\/\/avanzakayak.witty-fox.com\/sv\/wp-json\/wp\/v2\/media?parent=16158"}],"wp:term":[{"taxonomy":"product_cat","embeddable":true,"href":"https:\/\/avanzakayak.witty-fox.com\/sv\/wp-json\/wp\/v2\/product_cat?post=16158"},{"taxonomy":"product_tag","embeddable":true,"href":"https:\/\/avanzakayak.witty-fox.com\/sv\/wp-json\/wp\/v2\/product_tag?post=16158"}],"curies":[{"name":"wp","href":"https:\/\/api.w.org\/{rel}","templated":true}]}}