{"id":15920,"date":"2024-01-02T16:25:02","date_gmt":"2024-01-02T16:25:02","guid":{"rendered":"https:\/\/avanzakayak.witty-fox.com\/?post_type=product&#038;p=15920"},"modified":"2024-01-02T16:26:06","modified_gmt":"2024-01-02T16:26:06","slug":"roderpinne-for-s1-s2-och-s3-vid-segling-med-dacksits-dacksits-for-s1-s2-och-s3-sittplatta-som-fastes-pa-sittbrunnssargen","status":"publish","type":"product","link":"https:\/\/avanzakayak.witty-fox.com\/sv\/produkt\/roderpinne-for-s1-s2-och-s3-vid-segling-med-dacksits-dacksits-for-s1-s2-och-s3-sittplatta-som-fastes-pa-sittbrunnssargen\/","title":{"rendered":"Roderpinne f\u00f6r S1, S2\u00a0och S3, vid segling med d\u00e4cksits \/ D\u00e4cksits f\u00f6r S1, S2\u00a0och S3, sittplatta som f\u00e4stes p\u00e5 sittbrunnssargen"},"content":{"rendered":"<h1>Tillbeh\u00f6r till segel<\/h1>\n<p><strong>Roderpinne f\u00f6r S1, S2\u00a0och S3<\/strong>, vid segling med d\u00e4cksits.<\/p>\n<p>Pris: 1 190:-<\/p>\n<p><strong>D\u00e4cksits f\u00f6r S1, S2\u00a0och S3<\/strong>, sittplatta som f\u00e4stes p\u00e5 sittbrunnssargen.<\/p>\n<p>Pris: 790:-<\/p>\n<p><strong><img decoding=\"async\" title=\"Klepper_segeltillbehoer.jpg\" src=\"https:\/\/avanzakayak.com\/img\/Klepper_segeltillbehoer.png\" alt=\"Klepper_segeltillbehoer.jpg\" \/><\/strong><\/p>\n<p><strong>Man\u00f6verplatta f\u00f6r S1, S2\u00a0och S3<\/strong>, f\u00f6r f\u00e4se av bl a linor till segel.<\/p>\n<p>Pris: 2 600:-<\/p>","protected":false},"excerpt":{"rendered":"<p><strong>Roderpinne f\u00f6r S1, S2\u00a0och S3<\/strong>, vid segling med d\u00e4cksits.<\/p>\n<p><strong>D\u00e4cksits f\u00f6r S1, S2\u00a0och S3<\/strong>, sittplatta som f\u00e4stes p\u00e5 sittbrunnssargen.<\/p>\n<p><strong>Man\u00f6verplatta f\u00f6r S1, S2\u00a0och S3<\/strong>, f\u00f6r f\u00e4se av bl a linor till segel.<\/p>","protected":false},"featured_media":15944,"comment_status":"open","ping_status":"closed","template":"","meta":[],"product_cat":[73],"product_tag":[],"_links":{"self":[{"href":"https:\/\/avanzakayak.witty-fox.com\/sv\/wp-json\/wp\/v2\/product\/15920"}],"collection":[{"href":"https:\/\/avanzakayak.witty-fox.com\/sv\/wp-json\/wp\/v2\/product"}],"about":[{"href":"https:\/\/avanzakayak.witty-fox.com\/sv\/wp-json\/wp\/v2\/types\/product"}],"replies":[{"embeddable":true,"href":"https:\/\/avanzakayak.witty-fox.com\/sv\/wp-json\/wp\/v2\/comments?post=15920"}],"version-history":[{"count":1,"href":"https:\/\/avanzakayak.witty-fox.com\/sv\/wp-json\/wp\/v2\/product\/15920\/revisions"}],"predecessor-version":[{"id":15947,"href":"https:\/\/avanzakayak.witty-fox.com\/sv\/wp-json\/wp\/v2\/product\/15920\/revisions\/15947"}],"wp:featuredmedia":[{"embeddable":true,"href":"https:\/\/avanzakayak.witty-fox.com\/sv\/wp-json\/wp\/v2\/media\/15944"}],"wp:attachment":[{"href":"https:\/\/avanzakayak.witty-fox.com\/sv\/wp-json\/wp\/v2\/media?parent=15920"}],"wp:term":[{"taxonomy":"product_cat","embeddable":true,"href":"https:\/\/avanzakayak.witty-fox.com\/sv\/wp-json\/wp\/v2\/product_cat?post=15920"},{"taxonomy":"product_tag","embeddable":true,"href":"https:\/\/avanzakayak.witty-fox.com\/sv\/wp-json\/wp\/v2\/product_tag?post=15920"}],"curies":[{"name":"wp","href":"https:\/\/api.w.org\/{rel}","templated":true}]}}