{"id":15882,"date":"2024-01-02T16:24:37","date_gmt":"2024-01-02T16:24:37","guid":{"rendered":"https:\/\/avanzakayak.witty-fox.com\/?post_type=product&#038;p=15882"},"modified":"2024-01-09T16:11:37","modified_gmt":"2024-01-09T16:11:37","slug":"roder-lang-standrad-pa-nya-kajaker-aerius-i-ii-komplett-med-fotpedal-roderlina-lyftlina-och-roderblad-i-svarteloxerad-aluminium","status":"publish","type":"product","link":"https:\/\/avanzakayak.witty-fox.com\/sv\/produkt\/roder-lang-standrad-pa-nya-kajaker-aerius-i-ii-komplett-med-fotpedal-roderlina-lyftlina-och-roderblad-i-svarteloxerad-aluminium\/","title":{"rendered":"Roder\u00a0l\u00e5ng\u00a0(standrad p\u00e5 nya kajaker) Aerius I\/II komplett med fotpedal, roderlina, lyftlina\u00a0och roderblad i svarteloxerad aluminium."},"content":{"rendered":"","protected":false},"excerpt":{"rendered":"<p><strong>Roder<\/strong><strong>\u00a0l\u00e5ng<\/strong>\u00a0(standrad p\u00e5 nya kajaker) Aerius I\/II komplett med fotpedal, roderlina, lyftlina\u00a0och roderblad i svarteloxerad aluminium. Fotpedal med skruvf\u00e4ste i skena g\u00e4ller f\u00f6r Aerius 490 och Aerius 545. F\u00f6r Aerius 380, 450 och 520 g\u00e4ller fotpedal med\u00a0kl\u00e4mf\u00e4ste p\u00e5 sidorna.<\/p>","protected":false},"featured_media":17562,"comment_status":"open","ping_status":"closed","template":"","meta":[],"product_cat":[73],"product_tag":[],"_links":{"self":[{"href":"https:\/\/avanzakayak.witty-fox.com\/sv\/wp-json\/wp\/v2\/product\/15882"}],"collection":[{"href":"https:\/\/avanzakayak.witty-fox.com\/sv\/wp-json\/wp\/v2\/product"}],"about":[{"href":"https:\/\/avanzakayak.witty-fox.com\/sv\/wp-json\/wp\/v2\/types\/product"}],"replies":[{"embeddable":true,"href":"https:\/\/avanzakayak.witty-fox.com\/sv\/wp-json\/wp\/v2\/comments?post=15882"}],"version-history":[{"count":1,"href":"https:\/\/avanzakayak.witty-fox.com\/sv\/wp-json\/wp\/v2\/product\/15882\/revisions"}],"predecessor-version":[{"id":15908,"href":"https:\/\/avanzakayak.witty-fox.com\/sv\/wp-json\/wp\/v2\/product\/15882\/revisions\/15908"}],"wp:featuredmedia":[{"embeddable":true,"href":"https:\/\/avanzakayak.witty-fox.com\/sv\/wp-json\/wp\/v2\/media\/17562"}],"wp:attachment":[{"href":"https:\/\/avanzakayak.witty-fox.com\/sv\/wp-json\/wp\/v2\/media?parent=15882"}],"wp:term":[{"taxonomy":"product_cat","embeddable":true,"href":"https:\/\/avanzakayak.witty-fox.com\/sv\/wp-json\/wp\/v2\/product_cat?post=15882"},{"taxonomy":"product_tag","embeddable":true,"href":"https:\/\/avanzakayak.witty-fox.com\/sv\/wp-json\/wp\/v2\/product_tag?post=15882"}],"curies":[{"name":"wp","href":"https:\/\/api.w.org\/{rel}","templated":true}]}}