{"id":15812,"date":"2024-01-02T16:23:25","date_gmt":"2024-01-02T16:23:25","guid":{"rendered":"https:\/\/avanzakayak.witty-fox.com\/?post_type=product&#038;p=15812"},"modified":"2024-01-02T16:24:35","modified_gmt":"2024-01-02T16:24:35","slug":"aerius-ii-545-classic-expedition-quattro-tvamanskajak-med-stor-lastvolym-och-bra-benutrymme-som-standard-finns-d-ringar-langs-hela-dacket-for-ex","status":"publish","type":"product","link":"https:\/\/avanzakayak.witty-fox.com\/sv\/produkt\/aerius-ii-545-classic-expedition-quattro-tvamanskajak-med-stor-lastvolym-och-bra-benutrymme-som-standard-finns-d-ringar-langs-hela-dacket-for-ex\/","title":{"rendered":"Aerius  II 545 \/ Classic \/ Expedition \/ Quattro Tv\u00e5manskajak med stor lastvolym och bra benutrymme. Som standard finns D-ringar l\u00e4ngs hela d\u00e4cket f\u00f6r ex"},"content":{"rendered":"<p>Tv\u00e5manskajak med stor lastvolym och bra benutrymme. Som standard finns D-ringar l\u00e4ngs hela d\u00e4cket f\u00f6r ex surrning av utrustning och b\u00e4rhandtag i f\u00f6r och akter. Aerius II 545 kan \u00e4ven paddlas som enmanskajak. Expeditions- och Quattromodellen har den l\u00e4ttare TPU bottenv\u00e4ven samt paddelh\u00e5llare p\u00e5 d\u00e4ck. Quattromodellen \u00e4r dessutom utrustad med ytterligare tv\u00e5 luftslangar vilket \u00f6kar b\u00e5de s\u00e4kerheten och lastf\u00f6rm\u00e5gan.<\/p>\n<table style=\"height: 509px;\" width=\"476\" cellspacing=\"0\" cellpadding=\"0\">\n<tbody>\n<tr>\n<td><strong>Produktinfo<\/strong><\/p>\n<p>L\u00e4ngd:<\/p>\n<p>Bredd:<\/p>\n<p>Sittbrunn:<\/p>\n<p>Vikt:<\/p>\n<p>&nbsp;<\/p>\n<p>&nbsp;<\/p>\n<p>Packstorlek:<\/p>\n<p>&nbsp;<\/p>\n<p>&nbsp;<\/p>\n<p>Lastf\u00f6rm\u00e5ga:<\/p>\n<p>Monteringstid:<\/td>\n<td>545 cm87\u00a0cm<\/p>\n<p>255&#215;41\u00a0cm<\/p>\n<p>37 kg Classic<\/p>\n<p>29\u00a0kg Exp<\/p>\n<p>31 kg Quattro<\/p>\n<p>133x35x25 cm<\/p>\n<p>75x70x25 cm<\/p>\n<p>80x40x22 cm<\/p>\n<p>380\u00a0kg\u00a0Classic och Exp<\/p>\n<p>450\u00a0kg Quattro<\/p>\n<p>20 min<\/td>\n<\/tr>\n<\/tbody>\n<\/table>\n<p><strong>545 Classic<\/strong>. 61 9<strong>00:-<\/strong>\u00a0\/\u00a0<strong>545 Expedition<\/strong>. 69 600:-\u00a0\/\u00a0<strong>545 Quattro<\/strong>. 72 600:-. Komplett med kapell, roder, packs\u00e4ck (3-delar) och rep.sats.<\/p>\n<p><strong>Tillval<\/strong><\/p>\n<p>F\u00f6r 545 Expedition \/ 545 Quattro. Till\u00e4gg f\u00f6r flerf\u00e4rgad d\u00e4cksv\u00e4v. Pris: 3 000:-<\/p>","protected":false},"excerpt":{"rendered":"<p>Tv\u00e5manskajak med stor lastvolym och bra benutrymme. Som standard finns D-ringar l\u00e4ngs hela d\u00e4cket f\u00f6r ex surrning av utrustning och<\/p>","protected":false},"featured_media":15855,"comment_status":"open","ping_status":"closed","template":"","meta":[],"product_cat":[73],"product_tag":[],"_links":{"self":[{"href":"https:\/\/avanzakayak.witty-fox.com\/sv\/wp-json\/wp\/v2\/product\/15812"}],"collection":[{"href":"https:\/\/avanzakayak.witty-fox.com\/sv\/wp-json\/wp\/v2\/product"}],"about":[{"href":"https:\/\/avanzakayak.witty-fox.com\/sv\/wp-json\/wp\/v2\/types\/product"}],"replies":[{"embeddable":true,"href":"https:\/\/avanzakayak.witty-fox.com\/sv\/wp-json\/wp\/v2\/comments?post=15812"}],"version-history":[{"count":1,"href":"https:\/\/avanzakayak.witty-fox.com\/sv\/wp-json\/wp\/v2\/product\/15812\/revisions"}],"predecessor-version":[{"id":15856,"href":"https:\/\/avanzakayak.witty-fox.com\/sv\/wp-json\/wp\/v2\/product\/15812\/revisions\/15856"}],"wp:featuredmedia":[{"embeddable":true,"href":"https:\/\/avanzakayak.witty-fox.com\/sv\/wp-json\/wp\/v2\/media\/15855"}],"wp:attachment":[{"href":"https:\/\/avanzakayak.witty-fox.com\/sv\/wp-json\/wp\/v2\/media?parent=15812"}],"wp:term":[{"taxonomy":"product_cat","embeddable":true,"href":"https:\/\/avanzakayak.witty-fox.com\/sv\/wp-json\/wp\/v2\/product_cat?post=15812"},{"taxonomy":"product_tag","embeddable":true,"href":"https:\/\/avanzakayak.witty-fox.com\/sv\/wp-json\/wp\/v2\/product_tag?post=15812"}],"curies":[{"name":"wp","href":"https:\/\/api.w.org\/{rel}","templated":true}]}}