{"id":15793,"date":"2024-01-02T16:23:01","date_gmt":"2024-01-02T16:23:01","guid":{"rendered":"https:\/\/avanzakayak.witty-fox.com\/?post_type=product&#038;p=15793"},"modified":"2024-01-15T11:03:28","modified_gmt":"2024-01-15T11:03:28","slug":"aquasure-tatar-och-limmar-din-friluftsutrustning-talt-ryggsackar-madrasser-regnplagg-mm","status":"publish","type":"product","link":"https:\/\/avanzakayak.witty-fox.com\/sv\/produkt\/aquasure-tatar-och-limmar-din-friluftsutrustning-talt-ryggsackar-madrasser-regnplagg-mm\/","title":{"rendered":"Aquasure t\u00e4tar och limmar din friluftsutrustning: t\u00e4lt, ryggs\u00e4ckar, madrasser, regnplagg mm."},"content":{"rendered":"","protected":false},"excerpt":{"rendered":"<p>Aquasure t\u00e4tar och limmar din friluftsutrustning: t\u00e4lt, ryggs\u00e4ckar, madrasser, regnplagg mm. \u00c4ven utm\u00e4rkt f\u00f6r lagning av revor och s\u00f6mt\u00e4tning p\u00e5 din hopf\u00e4llbara kanot. Limningen blir permanent och transparent. Aquasure ger en gummilik mjukhet och elasticitet som t\u00e5l dagsljus.<\/p>\n<p>2tuber x 7 g.<\/p>\n<p>1 tuber x 28 g.<\/p>","protected":false},"featured_media":17668,"comment_status":"open","ping_status":"closed","template":"","meta":[],"product_cat":[79,72,80,76,95],"product_tag":[],"_links":{"self":[{"href":"https:\/\/avanzakayak.witty-fox.com\/sv\/wp-json\/wp\/v2\/product\/15793"}],"collection":[{"href":"https:\/\/avanzakayak.witty-fox.com\/sv\/wp-json\/wp\/v2\/product"}],"about":[{"href":"https:\/\/avanzakayak.witty-fox.com\/sv\/wp-json\/wp\/v2\/types\/product"}],"replies":[{"embeddable":true,"href":"https:\/\/avanzakayak.witty-fox.com\/sv\/wp-json\/wp\/v2\/comments?post=15793"}],"version-history":[{"count":1,"href":"https:\/\/avanzakayak.witty-fox.com\/sv\/wp-json\/wp\/v2\/product\/15793\/revisions"}],"predecessor-version":[{"id":15852,"href":"https:\/\/avanzakayak.witty-fox.com\/sv\/wp-json\/wp\/v2\/product\/15793\/revisions\/15852"}],"wp:featuredmedia":[{"embeddable":true,"href":"https:\/\/avanzakayak.witty-fox.com\/sv\/wp-json\/wp\/v2\/media\/17668"}],"wp:attachment":[{"href":"https:\/\/avanzakayak.witty-fox.com\/sv\/wp-json\/wp\/v2\/media?parent=15793"}],"wp:term":[{"taxonomy":"product_cat","embeddable":true,"href":"https:\/\/avanzakayak.witty-fox.com\/sv\/wp-json\/wp\/v2\/product_cat?post=15793"},{"taxonomy":"product_tag","embeddable":true,"href":"https:\/\/avanzakayak.witty-fox.com\/sv\/wp-json\/wp\/v2\/product_tag?post=15793"}],"curies":[{"name":"wp","href":"https:\/\/api.w.org\/{rel}","templated":true}]}}