{"id":15782,"date":"2024-01-02T16:22:40","date_gmt":"2024-01-02T16:22:40","guid":{"rendered":"https:\/\/avanzakayak.witty-fox.com\/?post_type=product&#038;p=15782"},"modified":"2024-01-15T11:02:34","modified_gmt":"2024-01-15T11:02:34","slug":"gumotex-elastick-for-limning-av-vaven-pa-gumotex-kajaker-och-kanoter-samt-urethan-tpu-pvc-mm","status":"publish","type":"product","link":"https:\/\/avanzakayak.witty-fox.com\/sv\/produkt\/gumotex-elastick-for-limning-av-vaven-pa-gumotex-kajaker-och-kanoter-samt-urethan-tpu-pvc-mm\/","title":{"rendered":"Gumotex Elastick f\u00f6r limning av v\u00e4ven p\u00e5 Gumotex kajaker och kanoter samt urethan (TPU), PVC mm."},"content":{"rendered":"","protected":false},"excerpt":{"rendered":"<p>Gumotex Elastick f\u00f6r limning av v\u00e4ven p\u00e5 Gumotex kajaker och kanoter samt urethan (TPU), PVC mm.<\/p>\n<p>Tub 15 g. Pris: 70:-<\/p>\n<p>Burk med pensel 250 ml<\/p>","protected":false},"featured_media":17711,"comment_status":"open","ping_status":"closed","template":"","meta":[],"product_cat":[79,72,80,76,95],"product_tag":[],"_links":{"self":[{"href":"https:\/\/avanzakayak.witty-fox.com\/sv\/wp-json\/wp\/v2\/product\/15782"}],"collection":[{"href":"https:\/\/avanzakayak.witty-fox.com\/sv\/wp-json\/wp\/v2\/product"}],"about":[{"href":"https:\/\/avanzakayak.witty-fox.com\/sv\/wp-json\/wp\/v2\/types\/product"}],"replies":[{"embeddable":true,"href":"https:\/\/avanzakayak.witty-fox.com\/sv\/wp-json\/wp\/v2\/comments?post=15782"}],"version-history":[{"count":1,"href":"https:\/\/avanzakayak.witty-fox.com\/sv\/wp-json\/wp\/v2\/product\/15782\/revisions"}],"predecessor-version":[{"id":15849,"href":"https:\/\/avanzakayak.witty-fox.com\/sv\/wp-json\/wp\/v2\/product\/15782\/revisions\/15849"}],"wp:featuredmedia":[{"embeddable":true,"href":"https:\/\/avanzakayak.witty-fox.com\/sv\/wp-json\/wp\/v2\/media\/17711"}],"wp:attachment":[{"href":"https:\/\/avanzakayak.witty-fox.com\/sv\/wp-json\/wp\/v2\/media?parent=15782"}],"wp:term":[{"taxonomy":"product_cat","embeddable":true,"href":"https:\/\/avanzakayak.witty-fox.com\/sv\/wp-json\/wp\/v2\/product_cat?post=15782"},{"taxonomy":"product_tag","embeddable":true,"href":"https:\/\/avanzakayak.witty-fox.com\/sv\/wp-json\/wp\/v2\/product_tag?post=15782"}],"curies":[{"name":"wp","href":"https:\/\/api.w.org\/{rel}","templated":true}]}}