{"id":15753,"date":"2024-01-02T16:22:39","date_gmt":"2024-01-02T16:22:39","guid":{"rendered":"https:\/\/avanzakayak.witty-fox.com\/?post_type=product&#038;p=15753"},"modified":"2024-01-10T12:51:26","modified_gmt":"2024-01-10T12:51:26","slug":"transportkapell-nylon-feathercraft-sorlek-small-sarg-yttermatt-sarg-92x48-cm","status":"publish","type":"product","link":"https:\/\/avanzakayak.witty-fox.com\/sv\/produkt\/transportkapell-nylon-feathercraft-sorlek-small-sarg-yttermatt-sarg-92x48-cm\/","title":{"rendered":"Transportkapell\u00a0nylon Feathercraft.\u00a0Sorlek small sarg ytterm\u00e5tt sarg:\u00a092&#215;48 cm."},"content":{"rendered":"","protected":false},"excerpt":{"rendered":"<p><strong>Transportkapell\u00a0nylon Feathercraft.\u00a0Sorlek small sarg ytterm\u00e5tt sarg:\u00a092&#215;48 cm.<\/strong>\u00a0S\u00e4rskild storlek p\u00e5 transportkapell till Klondike. F\u00e4rg: Svart<\/p>","protected":false},"featured_media":17674,"comment_status":"open","ping_status":"closed","template":"","meta":[],"product_cat":[72],"product_tag":[],"_links":{"self":[{"href":"https:\/\/avanzakayak.witty-fox.com\/sv\/wp-json\/wp\/v2\/product\/15753"}],"collection":[{"href":"https:\/\/avanzakayak.witty-fox.com\/sv\/wp-json\/wp\/v2\/product"}],"about":[{"href":"https:\/\/avanzakayak.witty-fox.com\/sv\/wp-json\/wp\/v2\/types\/product"}],"replies":[{"embeddable":true,"href":"https:\/\/avanzakayak.witty-fox.com\/sv\/wp-json\/wp\/v2\/comments?post=15753"}],"version-history":[{"count":1,"href":"https:\/\/avanzakayak.witty-fox.com\/sv\/wp-json\/wp\/v2\/product\/15753\/revisions"}],"predecessor-version":[{"id":15784,"href":"https:\/\/avanzakayak.witty-fox.com\/sv\/wp-json\/wp\/v2\/product\/15753\/revisions\/15784"}],"wp:featuredmedia":[{"embeddable":true,"href":"https:\/\/avanzakayak.witty-fox.com\/sv\/wp-json\/wp\/v2\/media\/17674"}],"wp:attachment":[{"href":"https:\/\/avanzakayak.witty-fox.com\/sv\/wp-json\/wp\/v2\/media?parent=15753"}],"wp:term":[{"taxonomy":"product_cat","embeddable":true,"href":"https:\/\/avanzakayak.witty-fox.com\/sv\/wp-json\/wp\/v2\/product_cat?post=15753"},{"taxonomy":"product_tag","embeddable":true,"href":"https:\/\/avanzakayak.witty-fox.com\/sv\/wp-json\/wp\/v2\/product_tag?post=15753"}],"curies":[{"name":"wp","href":"https:\/\/api.w.org\/{rel}","templated":true}]}}