{"id":4400,"date":"2021-10-12T15:51:09","date_gmt":"2021-10-12T15:51:09","guid":{"rendered":"http:\/\/dummy.xtemos.com\/woodmart2\/elementor\/?page_id=4400"},"modified":"2024-01-09T12:03:47","modified_gmt":"2024-01-09T12:03:47","slug":"about-us-3","status":"publish","type":"page","link":"https:\/\/avanzakayak.witty-fox.com\/sv\/about-us-3\/","title":{"rendered":"About us"},"content":{"rendered":"<div data-elementor-type=\"wp-page\" data-elementor-id=\"4400\" class=\"elementor elementor-4400\" data-elementor-post-type=\"page\">\n\t\t\t\t<div class=\"elementor-element elementor-element-f3d860c e-flex e-con-boxed wd-section-disabled e-con e-parent\" data-id=\"f3d860c\" data-element_type=\"container\">\n\t\t\t\t\t<div class=\"e-con-inner\">\n\t\t\t\t<div class=\"elementor-element elementor-element-4de6a80 elementor-widget elementor-widget-image\" data-id=\"4de6a80\" data-element_type=\"widget\" data-widget_type=\"image.default\">\n\t\t\t\t<div class=\"elementor-widget-container\">\n\t\t\t\t\t\t\t\t\t\t\t\t\t\t\t<img fetchpriority=\"high\" decoding=\"async\" width=\"1300\" height=\"591\" src=\"https:\/\/avanzakayak.witty-fox.com\/wp-content\/uploads\/2024\/01\/136765-scaled-1-1300x591.webp\" class=\"attachment-large size-large wp-image-15648\" alt=\"\" srcset=\"https:\/\/avanzakayak.witty-fox.com\/wp-content\/uploads\/2024\/01\/136765-scaled-1-1300x591.webp 1300w, https:\/\/avanzakayak.witty-fox.com\/wp-content\/uploads\/2024\/01\/136765-scaled-1-150x68.webp 150w, https:\/\/avanzakayak.witty-fox.com\/wp-content\/uploads\/2024\/01\/136765-scaled-1-700x318.webp 700w, https:\/\/avanzakayak.witty-fox.com\/wp-content\/uploads\/2024\/01\/136765-scaled-1-400x182.webp 400w, https:\/\/avanzakayak.witty-fox.com\/wp-content\/uploads\/2024\/01\/136765-scaled-1-768x349.webp 768w, https:\/\/avanzakayak.witty-fox.com\/wp-content\/uploads\/2024\/01\/136765-scaled-1-1536x698.webp 1536w, https:\/\/avanzakayak.witty-fox.com\/wp-content\/uploads\/2024\/01\/136765-scaled-1-2048x931.webp 2048w, https:\/\/avanzakayak.witty-fox.com\/wp-content\/uploads\/2024\/01\/136765-scaled-1-860x391.webp 860w\" sizes=\"(max-width: 1300px) 100vw, 1300px\" \/>\t\t\t\t\t\t\t\t\t\t\t\t\t\t\t<\/div>\n\t\t\t\t<\/div>\n\t\t\t\t\t<\/div>\n\t\t\t\t<\/div>\n\t\t<div class=\"elementor-element elementor-element-9f0bd49 e-flex e-con-boxed wd-section-disabled e-con e-parent\" data-id=\"9f0bd49\" data-element_type=\"container\">\n\t\t\t\t\t<div class=\"e-con-inner\">\n\t\t<div class=\"elementor-element elementor-element-23029a9 elementor-hidden-tablet elementor-hidden-mobile e-con-full e-flex wd-section-disabled e-con e-child\" data-id=\"23029a9\" data-element_type=\"container\">\n\t\t\t\t<div class=\"elementor-element elementor-element-3798c11 elementor-widget__width-initial elementor-widget elementor-widget-wd_image_or_svg\" data-id=\"3798c11\" data-element_type=\"widget\" data-widget_type=\"wd_image_or_svg.default\">\n\t\t\t\t<div class=\"elementor-widget-container\">\n\t\t\t\t\t\n\t\t<div class=\"wd-image text-left\">\n\t\t\t\t\t\t\t\t<img decoding=\"async\" width=\"430\" height=\"430\" src=\"https:\/\/avanzakayak.witty-fox.com\/wp-content\/uploads\/2024\/01\/8a2105244bf350d750f18816f0a05c08_101800-430x430.png\" class=\"attachment-woocommerce_thumbnail size-woocommerce_thumbnail\" alt=\"\" srcset=\"https:\/\/avanzakayak.witty-fox.com\/wp-content\/uploads\/2024\/01\/8a2105244bf350d750f18816f0a05c08_101800-430x430.png 430w, https:\/\/avanzakayak.witty-fox.com\/wp-content\/uploads\/2024\/01\/8a2105244bf350d750f18816f0a05c08_101800-150x150.png 150w, https:\/\/avanzakayak.witty-fox.com\/wp-content\/uploads\/2024\/01\/8a2105244bf350d750f18816f0a05c08_101800-860x860.png 860w\" sizes=\"(max-width: 430px) 100vw, 430px\" \/>\t\t\t\t\t<\/div>\n\n\t\t\t\t\t\t<\/div>\n\t\t\t\t<\/div>\n\t\t\t\t<\/div>\n\t\t<div class=\"elementor-element elementor-element-4662dca e-con-full e-flex wd-section-disabled e-con e-child\" data-id=\"4662dca\" data-element_type=\"container\">\n\t\t\t\t<div class=\"elementor-element elementor-element-e6f9f52 elementor-widget elementor-widget-wd_title\" data-id=\"e6f9f52\" data-element_type=\"widget\" data-widget_type=\"wd_title.default\">\n\t\t\t\t<div class=\"elementor-widget-container\">\n\t\t\t\t\t\t\t<div class=\"title-wrapper set-mb-s reset-last-child wd-title-color-primary wd-title-style-default wd-title-size-large text-left\">\n\n\t\t\t\n\t\t\t<div class=\"liner-continer\">\n\t\t\t\t<h4 class=\"woodmart-title-container title wd-fontsize-xxl\">Om Avanza Kayak &amp; Outdoor<\/h4> \n\t\t\t\t\t\t\t<\/div>\n\n\t\t\t\t\t<\/div>\n\t\t\t\t\t\t<\/div>\n\t\t\t\t<\/div>\n\t\t\t\t<div class=\"elementor-element elementor-element-7a2325b elementor-widget elementor-widget-wd_text_block\" data-id=\"7a2325b\" data-element_type=\"widget\" data-widget_type=\"wd_text_block.default\">\n\t\t\t\t<div class=\"elementor-widget-container\">\n\t\t\t\t\t\t\t<div class=\"wd-text-block reset-last-child text-left color-title color-scheme-dark\">\n\t\t\t\n\t\t\t<p><strong><span style=\"color: #333300;\">Avanza Kayak &amp; Outdoor\u00a0AB<\/span>\u00a0<\/strong>har arbetat med hopf\u00e4llbara kanoter sedan 1986. Intresset f\u00f6r hoppf\u00e4llbara kanoter eller faltkanoter v\u00e4cktes i b\u00f6rjan av 1980-talet d\u00e5 vi genomf\u00f6rde en kajakexpedition till Spetsbergen. Vid den tidpunkten var vi tvungna att skicka all utrustning och proviant fr\u00e5n Sverige. Valet av en hopf\u00e4llbar kajak f\u00f6ll sig naturligt. Det blev en begagnad enmans Klepper Aerius I. Kajaken blev min b\u00e4sta \u201dkamrat\u201d under den sex veckor l\u00e5nga vistelsen. D\u00e4rmed var steget inte l\u00e5ngt till att \u00e4ven b\u00f6rja s\u00e4lja dessa geniala farkoster.<\/p><p>Avanza Kayak &amp; Outdoor representerar de ledande tillverkarna av hopf\u00e4llbara kajaker och kanoter p\u00e5 marknaden (Klepper\u00a0och Pakboats) vilka borgar f\u00f6r h\u00f6g kvalitet och l\u00e5ng livsl\u00e4ngd. Under senare tid har sortimentet kompletterats med uppbl\u00e5sbara kajaker och kanoter fr\u00e5n Alpacka Raft och Gumotex. \u00c4ven p\u00e5 tillbeh\u00f6rssidan har stor omsorg lagts p\u00e5 funktion och kvalitet. Avanza Kayak &amp; Outdoor f\u00f6ljer kontinuerligt utvecklingen p\u00e5 friluftsmarknaden och s\u00f6ker produkter som uppfyller h\u00f6gt st\u00e4llda krav. Slutligen l\u00e4ggs stor vikt p\u00e5 personlig service.<\/p><p>Jag hoppas att det sortiment Avanza Kayak &amp; Outdoor tillhandah\u00e5ller skall hj\u00e4lpa dig till m\u00e5nga of\u00f6rgl\u00f6mliga naturupplevelser.<\/p><p>God tur<\/p><p>Per Lind<\/p>\n\t\t\t\t\t<\/div>\n\t\t\t\t\t\t<\/div>\n\t\t\t\t<\/div>\n\t\t\t\t<\/div>\n\t\t\t\t\t<\/div>\n\t\t\t\t<\/div>\n\t\t\t\t<\/div>","protected":false},"excerpt":{"rendered":"<p>Om Avanza Kayak &amp; Outdoor Avanza Kayak &amp; Outdoor\u00a0AB\u00a0har arbetat med hopf\u00e4llbara kanoter sedan 1986. Intresset f\u00f6r hoppf\u00e4llbara kanoter eller<\/p>","protected":false},"author":1,"featured_media":0,"parent":0,"menu_order":0,"comment_status":"closed","ping_status":"closed","template":"","meta":{"footnotes":""},"_links":{"self":[{"href":"https:\/\/avanzakayak.witty-fox.com\/sv\/wp-json\/wp\/v2\/pages\/4400"}],"collection":[{"href":"https:\/\/avanzakayak.witty-fox.com\/sv\/wp-json\/wp\/v2\/pages"}],"about":[{"href":"https:\/\/avanzakayak.witty-fox.com\/sv\/wp-json\/wp\/v2\/types\/page"}],"author":[{"embeddable":true,"href":"https:\/\/avanzakayak.witty-fox.com\/sv\/wp-json\/wp\/v2\/users\/1"}],"replies":[{"embeddable":true,"href":"https:\/\/avanzakayak.witty-fox.com\/sv\/wp-json\/wp\/v2\/comments?post=4400"}],"version-history":[{"count":12,"href":"https:\/\/avanzakayak.witty-fox.com\/sv\/wp-json\/wp\/v2\/pages\/4400\/revisions"}],"predecessor-version":[{"id":17524,"href":"https:\/\/avanzakayak.witty-fox.com\/sv\/wp-json\/wp\/v2\/pages\/4400\/revisions\/17524"}],"wp:attachment":[{"href":"https:\/\/avanzakayak.witty-fox.com\/sv\/wp-json\/wp\/v2\/media?parent=4400"}],"curies":[{"name":"wp","href":"https:\/\/api.w.org\/{rel}","templated":true}]}}