{"id":3,"date":"2024-01-02T13:55:52","date_gmt":"2024-01-02T13:55:52","guid":{"rendered":"https:\/\/avanzakayak.witty-fox.com\/?page_id=3"},"modified":"2024-01-08T17:17:40","modified_gmt":"2024-01-08T17:17:40","slug":"privacy-policy","status":"publish","type":"page","link":"https:\/\/avanzakayak.witty-fox.com\/sv\/privacy-policy\/","title":{"rendered":"Integritetspolicy"},"content":{"rendered":"<div data-elementor-type=\"wp-page\" data-elementor-id=\"3\" class=\"elementor elementor-3\" data-elementor-post-type=\"page\">\n\t\t\t\t<div class=\"elementor-element elementor-element-1456897a e-flex e-con-boxed wd-section-disabled e-con e-parent\" data-id=\"1456897a\" data-element_type=\"container\">\n\t\t\t\t\t<div class=\"e-con-inner\">\n\t\t\t\t<div class=\"elementor-element elementor-element-390f772e color-scheme-inherit text-left elementor-widget elementor-widget-text-editor\" data-id=\"390f772e\" data-element_type=\"widget\" data-widget_type=\"text-editor.default\">\n\t\t\t\t<div class=\"elementor-widget-container\">\n\t\t\t\t\t\t\t\t\t\n<h1 class=\"wp-block-heading\">Vem vi \u00e4r<\/h1>\n<h2>Kommentarer<\/h2>\n<p>N\u00e4r bes\u00f6kare l\u00e4mnar kommentarer p\u00e5 webbplatsen samlar vi in de uppgifter som visas i kommentarsformul\u00e4ret, samt bes\u00f6karens IP-adress och webbl\u00e4saragentstr\u00e4ng f\u00f6r att hj\u00e4lpa till med spamdetektion.<\/p>\n<p>En anonymiserad str\u00e4ng skapad fr\u00e5n din e-postadress (ocks\u00e5 kallad hash) kan tillhandah\u00e5llas Gravatar-tj\u00e4nsten f\u00f6r att se om du anv\u00e4nder den. Gravatars tj\u00e4nstekonfidentialitet finns tillg\u00e4nglig h\u00e4r: <a href=\"https:\/\/automattic.com\/privacy\/\" target=\"_new\">https:\/\/automattic.com\/privacy\/<\/a>. Efter godk\u00e4nnande av din kommentar \u00e4r din profilbild synlig f\u00f6r allm\u00e4nheten i samband med din kommentar.<\/p>\n<h2>Media<\/h2>\n<p>Om du laddar upp bilder p\u00e5 webbplatsen b\u00f6r du undvika att ladda upp bilder med inb\u00e4ddad platsdata (EXIF GPS). Bes\u00f6kare p\u00e5 webbplatsen kan ladda ner och extrahera all platsdata fr\u00e5n bilder p\u00e5 webbplatsen.<\/p>\n<h2>Cookies<\/h2>\n<p>Om du l\u00e4mnar en kommentar p\u00e5 v\u00e5r webbplats kan du v\u00e4lja att spara ditt namn, e-postadress och webbplats i cookies. Dessa \u00e4r f\u00f6r din bekv\u00e4mlighet s\u00e5 att du inte beh\u00f6ver fylla i dina uppgifter igen n\u00e4r du l\u00e4mnar en annan kommentar. Dessa cookies varar i ett \u00e5r.<\/p>\n<p>Om du bes\u00f6ker v\u00e5r inloggningssida kommer vi att s\u00e4tta en tillf\u00e4llig cookie f\u00f6r att avg\u00f6ra om din webbl\u00e4sare accepterar cookies. Denna cookie inneh\u00e5ller ingen personlig information och kastas bort n\u00e4r du st\u00e4nger din webbl\u00e4sare.<\/p>\n<p>N\u00e4r du loggar in kommer vi ocks\u00e5 att skapa flera cookies f\u00f6r att spara din inloggningsinformation och dina sk\u00e4rmdisplayval. Inloggningscookies varar i tv\u00e5 dagar, och sk\u00e4rmalternativcookies varar i ett \u00e5r. Om du v\u00e4ljer &#8220;Kom ih\u00e5g mig&#8221; kommer din inloggning att vara kvar i tv\u00e5 veckor. Om du loggar ut fr\u00e5n ditt konto tas inloggningscookies bort.<\/p>\n<p>Om du redigerar eller publicerar en artikel sparas en ytterligare cookie i din webbl\u00e4sare. Denna cookie inneh\u00e5ller ingen personlig information och indikerar bara inl\u00e4ggets ID. Den l\u00f6per ut efter 1 dag.<\/p>\n<h2>Inb\u00e4ddat inneh\u00e5ll fr\u00e5n andra webbplatser<\/h2>\n<p>Artiklar p\u00e5 denna webbplats kan inkludera inb\u00e4ddat inneh\u00e5ll (t.ex. videor, bilder, artiklar, etc.). Inb\u00e4ddat inneh\u00e5ll fr\u00e5n andra webbplatser beter sig p\u00e5 precis samma s\u00e4tt som om bes\u00f6karen hade bes\u00f6kt den andra webbplatsen.<\/p>\n<p>Dessa webbplatser kan samla in data om dig, anv\u00e4nda cookies, b\u00e4dda in ytterligare tredjeparts sp\u00e5rning och \u00f6vervaka din interaktion med det inb\u00e4ddade inneh\u00e5llet, inklusive sp\u00e5rning av din interaktion med det inb\u00e4ddade inneh\u00e5llet om du har ett konto och \u00e4r inloggad p\u00e5 den webbplatsen.<\/p>\n<h2>Delning av dina data<\/h2>\n<p>Om du beg\u00e4r en \u00e5terst\u00e4llning av l\u00f6senord kommer din IP-adress att inkluderas i \u00e5terst\u00e4llnings-e-posten.<\/p>\n<h2>Hur l\u00e4nge vi beh\u00e5ller dina data<\/h2>\n<p>Om du l\u00e4mnar en kommentar beh\u00e5lls kommentaren och dess metadata f\u00f6r alltid. Detta g\u00f6rs f\u00f6r att vi automatiskt ska kunna k\u00e4nna igen och godk\u00e4nna eventuella uppf\u00f6ljningskommentarer ist\u00e4llet f\u00f6r att h\u00e5lla dem i en modereringsk\u00f6.<\/p>\n<p>F\u00f6r anv\u00e4ndare som registrerar sig p\u00e5 v\u00e5r webbplats (om n\u00e5gra), lagrar vi ocks\u00e5 den personliga information de tillhandah\u00e5ller i deras anv\u00e4ndarprofil. Alla anv\u00e4ndare kan se, redigera eller ta bort sin personliga information n\u00e4r som helst (f\u00f6rutom att de inte kan \u00e4ndra sitt anv\u00e4ndarnamn). Webbplatsadministrat\u00f6rer kan ocks\u00e5 se och redigera den informationen.<\/p>\n<h2>Vilka r\u00e4ttigheter du har \u00f6ver dina data<\/h2>\n<p>Om du har ett konto p\u00e5 denna webbplats eller har l\u00e4mnat kommentarer kan du beg\u00e4ra att f\u00e5 en exporterad fil av de personuppgifter vi har om dig, inklusive alla uppgifter du har gett oss. Du kan ocks\u00e5 beg\u00e4ra att vi raderar alla personuppgifter vi har om dig. Detta inkluderar inte n\u00e5gra uppgifter vi \u00e4r tvungna att beh\u00e5lla av administrativa, juridiska eller s\u00e4kerhetssk\u00e4l.<\/p>\n<h2>Vart dina data skickas<\/h2>\n<p>Bes\u00f6kares kommentarer kan kontrolleras genom en automatisk spamdetektionstj\u00e4nst.<\/p>\n\t\t\t\t\t\t\t\t<\/div>\n\t\t\t\t<\/div>\n\t\t\t\t\t<\/div>\n\t\t\t\t<\/div>\n\t\t\t\t<\/div>","protected":false},"excerpt":{"rendered":"<p>Vem vi \u00e4r Kommentarer N\u00e4r bes\u00f6kare l\u00e4mnar kommentarer p\u00e5 webbplatsen samlar vi in de uppgifter som visas i kommentarsformul\u00e4ret, samt<\/p>","protected":false},"author":1,"featured_media":0,"parent":0,"menu_order":0,"comment_status":"closed","ping_status":"closed","template":"","meta":{"footnotes":""},"_links":{"self":[{"href":"https:\/\/avanzakayak.witty-fox.com\/sv\/wp-json\/wp\/v2\/pages\/3"}],"collection":[{"href":"https:\/\/avanzakayak.witty-fox.com\/sv\/wp-json\/wp\/v2\/pages"}],"about":[{"href":"https:\/\/avanzakayak.witty-fox.com\/sv\/wp-json\/wp\/v2\/types\/page"}],"author":[{"embeddable":true,"href":"https:\/\/avanzakayak.witty-fox.com\/sv\/wp-json\/wp\/v2\/users\/1"}],"replies":[{"embeddable":true,"href":"https:\/\/avanzakayak.witty-fox.com\/sv\/wp-json\/wp\/v2\/comments?post=3"}],"version-history":[{"count":5,"href":"https:\/\/avanzakayak.witty-fox.com\/sv\/wp-json\/wp\/v2\/pages\/3\/revisions"}],"predecessor-version":[{"id":17399,"href":"https:\/\/avanzakayak.witty-fox.com\/sv\/wp-json\/wp\/v2\/pages\/3\/revisions\/17399"}],"wp:attachment":[{"href":"https:\/\/avanzakayak.witty-fox.com\/sv\/wp-json\/wp\/v2\/media?parent=3"}],"curies":[{"name":"wp","href":"https:\/\/api.w.org\/{rel}","templated":true}]}}