{"id":16065,"date":"2024-01-03T13:05:16","date_gmt":"2024-01-03T13:05:16","guid":{"rendered":"https:\/\/avanzakayak.witty-fox.com\/?page_id=16065"},"modified":"2024-01-04T16:12:09","modified_gmt":"2024-01-04T16:12:09","slug":"historia","status":"publish","type":"page","link":"https:\/\/avanzakayak.witty-fox.com\/sv\/historia\/","title":{"rendered":"Historia"},"content":{"rendered":"<div data-elementor-type=\"wp-page\" data-elementor-id=\"16065\" class=\"elementor elementor-16065\" data-elementor-post-type=\"page\">\n\t\t\t\t<div class=\"elementor-element elementor-element-70691fa e-flex e-con-boxed wd-section-disabled e-con e-parent\" data-id=\"70691fa\" data-element_type=\"container\">\n\t\t\t\t\t<div class=\"e-con-inner\">\n\t\t<div class=\"elementor-element elementor-element-31c84cd e-con-full elementor-hidden-mobile e-flex wd-section-disabled e-con e-child\" data-id=\"31c84cd\" data-element_type=\"container\">\n\t\t\t\t<div class=\"elementor-element elementor-element-0365f28 elementor-widget elementor-widget-heading\" data-id=\"0365f28\" data-element_type=\"widget\" data-widget_type=\"heading.default\">\n\t\t\t\t<div class=\"elementor-widget-container\">\n\t\t\t\t\t<h2 class=\"elementor-heading-title elementor-size-default\">Historia<\/h2>\t\t\t\t<\/div>\n\t\t\t\t<\/div>\n\t\t\t\t<div class=\"elementor-element elementor-element-1946a65 elementor-nav-menu__align-start elementor-nav-menu--dropdown-none elementor-widget elementor-widget-nav-menu\" data-id=\"1946a65\" data-element_type=\"widget\" data-settings=\"{&quot;layout&quot;:&quot;vertical&quot;,&quot;submenu_icon&quot;:{&quot;value&quot;:&quot;&lt;svg class=\\&quot;e-font-icon-svg e-fas-caret-down\\&quot; viewBox=\\&quot;0 0 320 512\\&quot; xmlns=\\&quot;http:\\\/\\\/www.w3.org\\\/2000\\\/svg\\&quot;&gt;&lt;path d=\\&quot;M31.3 192h257.3c17.8 0 26.7 21.5 14.1 34.1L174.1 354.8c-7.8 7.8-20.5 7.8-28.3 0L17.2 226.1C4.6 213.5 13.5 192 31.3 192z\\&quot;&gt;&lt;\\\/path&gt;&lt;\\\/svg&gt;&quot;,&quot;library&quot;:&quot;fa-solid&quot;}}\" data-widget_type=\"nav-menu.default\">\n\t\t\t\t<div class=\"elementor-widget-container\">\n\t\t\t\t\t\t\t\t<nav aria-label=\"Menu\" class=\"elementor-nav-menu--main elementor-nav-menu__container elementor-nav-menu--layout-vertical e--pointer-none\">\n\t\t\t\t<ul id=\"menu-1-1946a65\" class=\"elementor-nav-menu sm-vertical\"><li class=\"menu-item menu-item-type-post_type menu-item-object-page menu-item-16072\"><a href=\"https:\/\/avanzakayak.witty-fox.com\/sv\/historia\/\" class=\"elementor-item\">Historia<\/a><\/li>\n<li class=\"menu-item menu-item-type-post_type menu-item-object-page menu-item-16073\"><a href=\"https:\/\/avanzakayak.witty-fox.com\/sv\/lasning\/\" class=\"elementor-item\">L\u00e4sning<\/a><\/li>\n<li class=\"menu-item menu-item-type-post_type menu-item-object-page menu-item-16074\"><a href=\"https:\/\/avanzakayak.witty-fox.com\/sv\/manualer\/\" class=\"elementor-item\">Manualer<\/a><\/li>\n<\/ul>\t\t\t<\/nav>\n\t\t\t\t\t\t<nav class=\"elementor-nav-menu--dropdown elementor-nav-menu__container\" aria-hidden=\"true\">\n\t\t\t\t<ul id=\"menu-2-1946a65\" class=\"elementor-nav-menu sm-vertical\"><li class=\"menu-item menu-item-type-post_type menu-item-object-page menu-item-16072\"><a href=\"https:\/\/avanzakayak.witty-fox.com\/sv\/historia\/\" class=\"elementor-item\" tabindex=\"-1\">Historia<\/a><\/li>\n<li class=\"menu-item menu-item-type-post_type menu-item-object-page menu-item-16073\"><a href=\"https:\/\/avanzakayak.witty-fox.com\/sv\/lasning\/\" class=\"elementor-item\" tabindex=\"-1\">L\u00e4sning<\/a><\/li>\n<li class=\"menu-item menu-item-type-post_type menu-item-object-page menu-item-16074\"><a href=\"https:\/\/avanzakayak.witty-fox.com\/sv\/manualer\/\" class=\"elementor-item\" tabindex=\"-1\">Manualer<\/a><\/li>\n<\/ul>\t\t\t<\/nav>\n\t\t\t\t\t\t<\/div>\n\t\t\t\t<\/div>\n\t\t\t\t<\/div>\n\t\t<div class=\"elementor-element elementor-element-16523c1 e-con-full e-flex wd-section-disabled e-con e-child\" data-id=\"16523c1\" data-element_type=\"container\">\n\t\t<div class=\"elementor-element elementor-element-757ecef e-con-full e-flex wd-section-disabled e-con e-child\" data-id=\"757ecef\" data-element_type=\"container\">\n\t\t\t\t<div class=\"elementor-element elementor-element-863c065 elementor-widget__width-initial elementor-widget elementor-widget-image\" data-id=\"863c065\" data-element_type=\"widget\" data-widget_type=\"image.default\">\n\t\t\t\t<div class=\"elementor-widget-container\">\n\t\t\t\t\t\t\t\t\t\t\t\t\t\t\t<img fetchpriority=\"high\" decoding=\"async\" width=\"337\" height=\"258\" src=\"https:\/\/avanzakayak.witty-fox.com\/wp-content\/uploads\/2024\/01\/kajakens_historia.png\" class=\"attachment-large size-large wp-image-16084\" alt=\"\" srcset=\"https:\/\/avanzakayak.witty-fox.com\/wp-content\/uploads\/2024\/01\/kajakens_historia.png 337w, https:\/\/avanzakayak.witty-fox.com\/wp-content\/uploads\/2024\/01\/kajakens_historia-150x115.png 150w\" sizes=\"(max-width: 337px) 100vw, 337px\" \/>\t\t\t\t\t\t\t\t\t\t\t\t\t\t\t<\/div>\n\t\t\t\t<\/div>\n\t\t\t\t<\/div>\n\t\t<div class=\"elementor-element elementor-element-215769f e-con-full e-flex wd-section-disabled e-con e-child\" data-id=\"215769f\" data-element_type=\"container\">\n\t\t\t\t<div class=\"elementor-element elementor-element-b1637ce elementor-hidden-tablet elementor-widget elementor-widget-wd_text_block\" data-id=\"b1637ce\" data-element_type=\"widget\" data-widget_type=\"wd_text_block.default\">\n\t\t\t\t<div class=\"elementor-widget-container\">\n\t\t\t\t\t\t\t<div class=\"wd-text-block reset-last-child text-left color-title\">\n\t\t\t\n\t\t\t<p>Konstruktionen till en hopf\u00e4llbar kajak eller faltkajak har sitt ursprung fr\u00e5n skinnkajaken, som kan sp\u00e5ras \u00f6ver 5000 \u00e5r tillbaka i tiden. D\u00e5 bestod konstruktionen av drivved, valben och s\u00e4lskinn. Kajaken utgjorde d\u00e5 f\u00f6ruts\u00e4ttningen f\u00f6r jakt och \u00f6verlevnad. D\u00e5tidens kajak var konstruerad dels efter paddlaren och dels efter omr\u00e5dets milj\u00f6betingelser. Fr\u00e5n den tiden har kajaken utvecklats b\u00e5de n\u00e4r det g\u00e4ller material och design. Den f\u00f6rsta hopf\u00e4llbara kajaken konstruerades 1905 av tysken Alfred Heurich, som 1907<\/p><p>s\u00e5lde ensamr\u00e4tten f\u00f6r tillverkning till Johann Klepper. D\u00e4rmed blev faltkajaken kommersiell g\u00e5ngbar och m\u00e5nga tillverkare etablerades runt om i mellaneuropa. Fram till 1960-talet hade dock de flesta tillverkare upph\u00f6rt med sin faltkajakstillverkning. Alltj\u00e4mt finns det kvar ett antal f\u00f6retag runt om i v\u00e4rlden, som forts\u00e4tter och utvecklar denna kanottyp.<\/p>\n\t\t\t\t\t<\/div>\n\t\t\t\t\t\t<\/div>\n\t\t\t\t<\/div>\n\t\t\t\t<div class=\"elementor-element elementor-element-8ac82a4 elementor-hidden-desktop elementor-hidden-mobile elementor-widget elementor-widget-wd_text_block\" data-id=\"8ac82a4\" data-element_type=\"widget\" data-widget_type=\"wd_text_block.default\">\n\t\t\t\t<div class=\"elementor-widget-container\">\n\t\t\t\t\t\t\t<div class=\"wd-text-block reset-last-child text-left\">\n\t\t\t\n\t\t\t<p>Konstruktionen till en hopf\u00e4llbar kajak eller faltkajak har sitt ursprung fr\u00e5n skinnkajaken, som kan sp\u00e5ras \u00f6ver 5000 \u00e5r tillbaka i tiden. D\u00e5 bestod konstruktionen av drivved, valben och s\u00e4lskinn. Kajaken utgjorde d\u00e5 f\u00f6ruts\u00e4ttningen f\u00f6r jakt och \u00f6verlevnad. D\u00e5tidens kajak var konstruerad dels efter paddlaren och dels efter omr\u00e5dets milj\u00f6betingelser. Fr\u00e5n den tiden har kajaken utvecklats b\u00e5de n\u00e4r det g\u00e4ller material och design. Den f\u00f6rsta hopf\u00e4llbara kajaken konstruerades 1905 av tysken Alfred Heurich, som 1907<\/p>\n\t\t\t\t\t<\/div>\n\t\t\t\t\t\t<\/div>\n\t\t\t\t<\/div>\n\t\t\t\t<\/div>\n\t\t\t\t<\/div>\n\t\t\t\t\t<\/div>\n\t\t\t\t<\/div>\n\t\t<div class=\"elementor-element elementor-element-01a553c e-flex e-con-boxed wd-section-disabled e-con e-parent\" data-id=\"01a553c\" data-element_type=\"container\">\n\t\t\t\t\t<div class=\"e-con-inner\">\n\t\t<div class=\"elementor-element elementor-element-c55526f e-con-full e-flex wd-section-disabled e-con e-child\" data-id=\"c55526f\" data-element_type=\"container\">\n\t\t\t\t<\/div>\n\t\t<div class=\"elementor-element elementor-element-9682a2a e-con-full e-flex wd-section-disabled e-con e-child\" data-id=\"9682a2a\" data-element_type=\"container\">\n\t\t\t\t<div class=\"elementor-element elementor-element-6fd5a82 elementor-widget elementor-widget-wd_text_block\" data-id=\"6fd5a82\" data-element_type=\"widget\" data-widget_type=\"wd_text_block.default\">\n\t\t\t\t<div class=\"elementor-widget-container\">\n\t\t\t\t\t\t\t<div class=\"wd-text-block reset-last-child text-left color-title color-scheme-dark\">\n\t\t\t\n\t\t\t<p>s\u00e5lde ensamr\u00e4tten f\u00f6r tillverkning till Johann Klepper. D\u00e4rmed blev faltkajaken kommersiell g\u00e5ngbar och m\u00e5nga tillverkare etablerades runt om i mellaneuropa. Fram till 1960-talet hade dock de flesta tillverkare upph\u00f6rt med sin faltkajakstillverkning. Alltj\u00e4mt finns det kvar ett antal f\u00f6retag runt om i v\u00e4rlden, som forts\u00e4tter och utvecklar denna kanottyp.<\/p>\n\t\t\t\t\t<\/div>\n\t\t\t\t\t\t<\/div>\n\t\t\t\t<\/div>\n\t\t\t\t<div class=\"elementor-element elementor-element-bf8fe3d elementor-widget elementor-widget-heading\" data-id=\"bf8fe3d\" data-element_type=\"widget\" data-widget_type=\"heading.default\">\n\t\t\t\t<div class=\"elementor-widget-container\">\n\t\t\t\t\t<h2 class=\"elementor-heading-title elementor-size-default\">Idag\n<\/h2>\t\t\t\t<\/div>\n\t\t\t\t<\/div>\n\t\t\t\t<div class=\"elementor-element elementor-element-97d4277 elementor-widget elementor-widget-wd_text_block\" data-id=\"97d4277\" data-element_type=\"widget\" data-widget_type=\"wd_text_block.default\">\n\t\t\t\t<div class=\"elementor-widget-container\">\n\t\t\t\t\t\t\t<div class=\"wd-text-block reset-last-child text-left color-title\">\n\t\t\t\n\t\t\t<p>D\u00e5 jordens yta till mer \u00e4n 70 % best\u00e5r av vatten har kanoten en given plats f\u00f6r jakt, trasport och rekreation. I takt med att m\u00e4nniskan har blivit mer global med m\u00f6jligheter som aldrig tidigare att bege sig till k\u00e4nda och ok\u00e4nda platser har \u00e4ven den hopf\u00e4llbara kanoten blivit en naturlig f\u00f6ljeslagare. Fr\u00e5n Sven Hedins expeditioner i Asien till dagens researrang\u00f6rer med paddlingsturer p\u00e5 bl a Gr\u00f6nland. \u00c4ven i din n\u00e4rmaste omgivning kan du finna fina paddelvatten som du med cykel, t\u00e5g eller buss kan bege dig till. Med en hopf\u00e4llbar kanot l\u00f6ser du enkelt och bekv\u00e4mt \u00e4ven f\u00f6rvaringsfr\u00e5gan.<\/p>\n\t\t\t\t\t<\/div>\n\t\t\t\t\t\t<\/div>\n\t\t\t\t<\/div>\n\t\t\t\t<\/div>\n\t\t\t\t\t<\/div>\n\t\t\t\t<\/div>\n\t\t\t\t<\/div>","protected":false},"excerpt":{"rendered":"<p>Historia Konstruktionen till en hopf\u00e4llbar kajak eller faltkajak har sitt ursprung fr\u00e5n skinnkajaken, som kan sp\u00e5ras \u00f6ver 5000 \u00e5r tillbaka<\/p>","protected":false},"author":1,"featured_media":0,"parent":0,"menu_order":0,"comment_status":"closed","ping_status":"closed","template":"","meta":{"footnotes":""},"_links":{"self":[{"href":"https:\/\/avanzakayak.witty-fox.com\/sv\/wp-json\/wp\/v2\/pages\/16065"}],"collection":[{"href":"https:\/\/avanzakayak.witty-fox.com\/sv\/wp-json\/wp\/v2\/pages"}],"about":[{"href":"https:\/\/avanzakayak.witty-fox.com\/sv\/wp-json\/wp\/v2\/types\/page"}],"author":[{"embeddable":true,"href":"https:\/\/avanzakayak.witty-fox.com\/sv\/wp-json\/wp\/v2\/users\/1"}],"replies":[{"embeddable":true,"href":"https:\/\/avanzakayak.witty-fox.com\/sv\/wp-json\/wp\/v2\/comments?post=16065"}],"version-history":[{"count":22,"href":"https:\/\/avanzakayak.witty-fox.com\/sv\/wp-json\/wp\/v2\/pages\/16065\/revisions"}],"predecessor-version":[{"id":16472,"href":"https:\/\/avanzakayak.witty-fox.com\/sv\/wp-json\/wp\/v2\/pages\/16065\/revisions\/16472"}],"wp:attachment":[{"href":"https:\/\/avanzakayak.witty-fox.com\/sv\/wp-json\/wp\/v2\/media?parent=16065"}],"curies":[{"name":"wp","href":"https:\/\/api.w.org\/{rel}","templated":true}]}}