{"id":15629,"date":"2024-01-02T15:25:28","date_gmt":"2024-01-02T15:25:28","guid":{"rendered":"https:\/\/avanzakayak.witty-fox.com\/?page_id=15629"},"modified":"2024-01-04T16:17:05","modified_gmt":"2024-01-04T16:17:05","slug":"forum","status":"publish","type":"page","link":"https:\/\/avanzakayak.witty-fox.com\/sv\/forum\/","title":{"rendered":"FORUM"},"content":{"rendered":"<div data-elementor-type=\"wp-page\" data-elementor-id=\"15629\" class=\"elementor elementor-15629\" data-elementor-post-type=\"page\">\n\t\t\t\t<div class=\"elementor-element elementor-element-20f2f90 e-flex e-con-boxed wd-section-disabled e-con e-parent\" data-id=\"20f2f90\" data-element_type=\"container\">\n\t\t\t\t\t<div class=\"e-con-inner\">\n\t\t<div class=\"elementor-element elementor-element-93b32da e-con-full elementor-hidden-tablet elementor-hidden-mobile e-flex wd-section-disabled e-con e-child\" data-id=\"93b32da\" data-element_type=\"container\">\n\t\t\t\t<div class=\"elementor-element elementor-element-07497f4 elementor-widget elementor-widget-heading\" data-id=\"07497f4\" data-element_type=\"widget\" data-widget_type=\"heading.default\">\n\t\t\t\t<div class=\"elementor-widget-container\">\n\t\t\t\t\t<h2 class=\"elementor-heading-title elementor-size-default\">Forum<\/h2>\t\t\t\t<\/div>\n\t\t\t\t<\/div>\n\t\t\t\t<div class=\"elementor-element elementor-element-d0eaff5 elementor-nav-menu__align-start elementor-nav-menu--dropdown-none elementor-widget elementor-widget-nav-menu\" data-id=\"d0eaff5\" data-element_type=\"widget\" data-settings=\"{&quot;layout&quot;:&quot;vertical&quot;,&quot;submenu_icon&quot;:{&quot;value&quot;:&quot;&lt;svg class=\\&quot;e-font-icon-svg e-fas-caret-down\\&quot; viewBox=\\&quot;0 0 320 512\\&quot; xmlns=\\&quot;http:\\\/\\\/www.w3.org\\\/2000\\\/svg\\&quot;&gt;&lt;path d=\\&quot;M31.3 192h257.3c17.8 0 26.7 21.5 14.1 34.1L174.1 354.8c-7.8 7.8-20.5 7.8-28.3 0L17.2 226.1C4.6 213.5 13.5 192 31.3 192z\\&quot;&gt;&lt;\\\/path&gt;&lt;\\\/svg&gt;&quot;,&quot;library&quot;:&quot;fa-solid&quot;}}\" data-widget_type=\"nav-menu.default\">\n\t\t\t\t<div class=\"elementor-widget-container\">\n\t\t\t\t\t\t\t\t<nav aria-label=\"Menu\" class=\"elementor-nav-menu--main elementor-nav-menu__container elementor-nav-menu--layout-vertical e--pointer-none\">\n\t\t\t\t<ul id=\"menu-1-d0eaff5\" class=\"elementor-nav-menu sm-vertical\"><li class=\"menu-item menu-item-type-post_type menu-item-object-page menu-item-16072\"><a href=\"https:\/\/avanzakayak.witty-fox.com\/sv\/historia\/\" class=\"elementor-item\">Historia<\/a><\/li>\n<li class=\"menu-item menu-item-type-post_type menu-item-object-page menu-item-16073\"><a href=\"https:\/\/avanzakayak.witty-fox.com\/sv\/lasning\/\" class=\"elementor-item\">L\u00e4sning<\/a><\/li>\n<li class=\"menu-item menu-item-type-post_type menu-item-object-page menu-item-16074\"><a href=\"https:\/\/avanzakayak.witty-fox.com\/sv\/manualer\/\" class=\"elementor-item\">Manualer<\/a><\/li>\n<\/ul>\t\t\t<\/nav>\n\t\t\t\t\t\t<nav class=\"elementor-nav-menu--dropdown elementor-nav-menu__container\" aria-hidden=\"true\">\n\t\t\t\t<ul id=\"menu-2-d0eaff5\" class=\"elementor-nav-menu sm-vertical\"><li class=\"menu-item menu-item-type-post_type menu-item-object-page menu-item-16072\"><a href=\"https:\/\/avanzakayak.witty-fox.com\/sv\/historia\/\" class=\"elementor-item\" tabindex=\"-1\">Historia<\/a><\/li>\n<li class=\"menu-item menu-item-type-post_type menu-item-object-page menu-item-16073\"><a href=\"https:\/\/avanzakayak.witty-fox.com\/sv\/lasning\/\" class=\"elementor-item\" tabindex=\"-1\">L\u00e4sning<\/a><\/li>\n<li class=\"menu-item menu-item-type-post_type menu-item-object-page menu-item-16074\"><a href=\"https:\/\/avanzakayak.witty-fox.com\/sv\/manualer\/\" class=\"elementor-item\" tabindex=\"-1\">Manualer<\/a><\/li>\n<\/ul>\t\t\t<\/nav>\n\t\t\t\t\t\t<\/div>\n\t\t\t\t<\/div>\n\t\t\t\t<\/div>\n\t\t<div class=\"elementor-element elementor-element-13682e8 e-con-full e-flex wd-section-disabled e-con e-child\" data-id=\"13682e8\" data-element_type=\"container\">\n\t\t<div class=\"elementor-element elementor-element-fbad5e5 e-con-full e-flex wd-section-disabled e-con e-child\" data-id=\"fbad5e5\" data-element_type=\"container\">\n\t\t\t\t<div class=\"elementor-element elementor-element-15ba3ff elementor-widget elementor-widget-wd_image_or_svg\" data-id=\"15ba3ff\" data-element_type=\"widget\" data-widget_type=\"wd_image_or_svg.default\">\n\t\t\t\t<div class=\"elementor-widget-container\">\n\t\t\t\t\t\n\t\t<div class=\"wd-image text-left\">\n\t\t\t\t\t\t\t\t<img fetchpriority=\"high\" decoding=\"async\" width=\"2560\" height=\"1708\" src=\"https:\/\/avanzakayak.witty-fox.com\/wp-content\/uploads\/2024\/01\/rear-view-son-father-fishing-1-scaled-1.jpg\" class=\"attachment-full size-full\" alt=\"\" srcset=\"https:\/\/avanzakayak.witty-fox.com\/wp-content\/uploads\/2024\/01\/rear-view-son-father-fishing-1-scaled-1.jpg 2560w, https:\/\/avanzakayak.witty-fox.com\/wp-content\/uploads\/2024\/01\/rear-view-son-father-fishing-1-scaled-1-150x100.jpg 150w, https:\/\/avanzakayak.witty-fox.com\/wp-content\/uploads\/2024\/01\/rear-view-son-father-fishing-1-scaled-1-700x467.jpg 700w, https:\/\/avanzakayak.witty-fox.com\/wp-content\/uploads\/2024\/01\/rear-view-son-father-fishing-1-scaled-1-400x267.jpg 400w, https:\/\/avanzakayak.witty-fox.com\/wp-content\/uploads\/2024\/01\/rear-view-son-father-fishing-1-scaled-1-1199x800.jpg 1199w, https:\/\/avanzakayak.witty-fox.com\/wp-content\/uploads\/2024\/01\/rear-view-son-father-fishing-1-scaled-1-768x512.jpg 768w, https:\/\/avanzakayak.witty-fox.com\/wp-content\/uploads\/2024\/01\/rear-view-son-father-fishing-1-scaled-1-1536x1025.jpg 1536w, https:\/\/avanzakayak.witty-fox.com\/wp-content\/uploads\/2024\/01\/rear-view-son-father-fishing-1-scaled-1-2048x1366.jpg 2048w, https:\/\/avanzakayak.witty-fox.com\/wp-content\/uploads\/2024\/01\/rear-view-son-father-fishing-1-scaled-1-860x574.jpg 860w\" sizes=\"(max-width: 2560px) 100vw, 2560px\" \/>\t\t\t\t\t<\/div>\n\n\t\t\t\t\t\t<\/div>\n\t\t\t\t<\/div>\n\t\t\t\t<\/div>\n\t\t<div class=\"elementor-element elementor-element-893560c e-con-full e-flex wd-section-disabled e-con e-child\" data-id=\"893560c\" data-element_type=\"container\">\n\t\t\t\t<div class=\"elementor-element elementor-element-9c24e40 elementor-widget elementor-widget-wd_title\" data-id=\"9c24e40\" data-element_type=\"widget\" data-widget_type=\"wd_title.default\">\n\t\t\t\t<div class=\"elementor-widget-container\">\n\t\t\t\t\t\t\t<div class=\"title-wrapper set-mb-s reset-last-child wd-title-color-primary wd-title-style-default wd-title-size-large text-left\">\n\n\t\t\t\n\t\t\t<div class=\"liner-continer\">\n\t\t\t\t<h4 class=\"woodmart-title-container title wd-fontsize-xxl\">Forum<\/h4> \n\t\t\t\t\t\t\t<\/div>\n\n\t\t\t\t\t<\/div>\n\t\t\t\t\t\t<\/div>\n\t\t\t\t<\/div>\n\t\t\t\t<div class=\"elementor-element elementor-element-e69709e elementor-widget elementor-widget-wd_text_block\" data-id=\"e69709e\" data-element_type=\"widget\" data-widget_type=\"wd_text_block.default\">\n\t\t\t\t<div class=\"elementor-widget-container\">\n\t\t\t\t\t\t\t<div class=\"wd-text-block reset-last-child text-left\">\n\t\t\t\n\t\t\t<p>Under denna rubrik hittar du intressant information om hopf\u00e4llbara kanoter och dess historia. Det kan vara l\u00e4nkar till intressanta sidor, litteratur, resetips mm. Monteringsanvisningar och r\u00e5d f\u00f6r sk\u00f6tsel och reparation hittar du under rubriken Manualer.<\/p>\n\t\t\t\t\t<\/div>\n\t\t\t\t\t\t<\/div>\n\t\t\t\t<\/div>\n\t\t\t\t<\/div>\n\t\t\t\t<\/div>\n\t\t\t\t\t<\/div>\n\t\t\t\t<\/div>\n\t\t\t\t<\/div>","protected":false},"excerpt":{"rendered":"<p>Forum Forum Under denna rubrik hittar du intressant information om hopf\u00e4llbara kanoter och dess historia. Det kan vara l\u00e4nkar till<\/p>","protected":false},"author":1,"featured_media":0,"parent":0,"menu_order":0,"comment_status":"closed","ping_status":"closed","template":"","meta":{"footnotes":""},"_links":{"self":[{"href":"https:\/\/avanzakayak.witty-fox.com\/sv\/wp-json\/wp\/v2\/pages\/15629"}],"collection":[{"href":"https:\/\/avanzakayak.witty-fox.com\/sv\/wp-json\/wp\/v2\/pages"}],"about":[{"href":"https:\/\/avanzakayak.witty-fox.com\/sv\/wp-json\/wp\/v2\/types\/page"}],"author":[{"embeddable":true,"href":"https:\/\/avanzakayak.witty-fox.com\/sv\/wp-json\/wp\/v2\/users\/1"}],"replies":[{"embeddable":true,"href":"https:\/\/avanzakayak.witty-fox.com\/sv\/wp-json\/wp\/v2\/comments?post=15629"}],"version-history":[{"count":28,"href":"https:\/\/avanzakayak.witty-fox.com\/sv\/wp-json\/wp\/v2\/pages\/15629\/revisions"}],"predecessor-version":[{"id":16487,"href":"https:\/\/avanzakayak.witty-fox.com\/sv\/wp-json\/wp\/v2\/pages\/15629\/revisions\/16487"}],"wp:attachment":[{"href":"https:\/\/avanzakayak.witty-fox.com\/sv\/wp-json\/wp\/v2\/media?parent=15629"}],"curies":[{"name":"wp","href":"https:\/\/api.w.org\/{rel}","templated":true}]}}