{"id":15628,"date":"2024-01-02T15:25:28","date_gmt":"2024-01-02T15:25:28","guid":{"rendered":"https:\/\/avanzakayak.witty-fox.com\/?page_id=15628"},"modified":"2024-01-09T11:50:34","modified_gmt":"2024-01-09T11:50:34","slug":"bestalla","status":"publish","type":"page","link":"https:\/\/avanzakayak.witty-fox.com\/sv\/bestalla\/","title":{"rendered":"BEST\u00c4LLA"},"content":{"rendered":"<div data-elementor-type=\"wp-page\" data-elementor-id=\"15628\" class=\"elementor elementor-15628\" data-elementor-post-type=\"page\">\n\t\t\t\t<div class=\"elementor-element elementor-element-9361e09 e-con-full e-flex wd-section-disabled e-con e-parent\" data-id=\"9361e09\" data-element_type=\"container\" data-settings=\"{&quot;background_background&quot;:&quot;gradient&quot;}\">\n\t\t<div class=\"elementor-element elementor-element-3d6fbc2 e-con-full e-flex wd-section-disabled e-con e-child\" data-id=\"3d6fbc2\" data-element_type=\"container\">\n\t\t\t\t<div class=\"elementor-element elementor-element-21c2891 elementor-widget elementor-widget-heading\" data-id=\"21c2891\" data-element_type=\"widget\" data-widget_type=\"heading.default\">\n\t\t\t\t<div class=\"elementor-widget-container\">\n\t\t\t\t\t<h2 class=\"elementor-heading-title elementor-size-default\">\n  Best\u00e4llning<\/h2>\t\t\t\t<\/div>\n\t\t\t\t<\/div>\n\t\t\t\t<div class=\"elementor-element elementor-element-4be62ea color-scheme-inherit text-left elementor-widget elementor-widget-text-editor\" data-id=\"4be62ea\" data-element_type=\"widget\" data-widget_type=\"text-editor.default\">\n\t\t\t\t<div class=\"elementor-widget-container\">\n\t\t\t\t\t\t\t\t\t<p><span style=\"color: #333300;\"><strong>Priser <\/strong><\/span>Moms (f n 25 %, 12 % f\u00f6r livsmedel\u00a0och 6 % f\u00f6r b\u00f6cker) ing\u00e5r i alla priser (avg\u00e5r vid exportf\u00f6rs\u00e4ljning till l\u00e4nder utanf\u00f6r EU). Reservation f\u00f6r pris\u00e4ndringar som ligger utanf\u00f6r v\u00e5r kontroll. Fraktkostnad tillkommer\u00a0om\u00a0inte\u00a0varorna\u00a0avh\u00e4mtas\u00a0i\u00a0\u00c4lvsj\u00f6. Emballage- och expeditionskostnader tillkommer ej.<\/p>\t\t\t\t\t\t\t\t<\/div>\n\t\t\t\t<\/div>\n\t\t\t\t<div class=\"elementor-element elementor-element-582cac6 color-scheme-inherit text-left elementor-widget elementor-widget-text-editor\" data-id=\"582cac6\" data-element_type=\"widget\" data-widget_type=\"text-editor.default\">\n\t\t\t\t<div class=\"elementor-widget-container\">\n\t\t\t\t\t\t\t\t\t<p><span style=\"color: #000000;\"><strong>Tax Free Shopping by Gloabal Blue<\/strong><\/span><\/p>\t\t\t\t\t\t\t\t<\/div>\n\t\t\t\t<\/div>\n\t\t\t\t<div class=\"elementor-element elementor-element-f9347bd elementor-widget elementor-widget-image\" data-id=\"f9347bd\" data-element_type=\"widget\" data-widget_type=\"image.default\">\n\t\t\t\t<div class=\"elementor-widget-container\">\n\t\t\t\t\t\t\t\t\t\t\t\t\t\t\t\t<a href=\"https:\/\/www.globalblue.com\/en#Global%20Blue\">\n\t\t\t\t\t\t\t<img decoding=\"async\" width=\"169\" height=\"52\" src=\"https:\/\/avanzakayak.witty-fox.com\/wp-content\/uploads\/2024\/01\/Global_Blue_logo.png\" class=\"attachment-large size-large wp-image-15726\" alt=\"\" srcset=\"https:\/\/avanzakayak.witty-fox.com\/wp-content\/uploads\/2024\/01\/Global_Blue_logo.png 169w, https:\/\/avanzakayak.witty-fox.com\/wp-content\/uploads\/2024\/01\/Global_Blue_logo-150x46.png 150w\" sizes=\"(max-width: 169px) 100vw, 169px\" \/>\t\t\t\t\t\t\t\t<\/a>\n\t\t\t\t\t\t\t\t\t\t\t\t\t\t\t<\/div>\n\t\t\t\t<\/div>\n\t\t\t\t<div class=\"elementor-element elementor-element-fd1bc6b elementor-widget__width-inherit elementor-invisible elementor-widget elementor-widget-image\" data-id=\"fd1bc6b\" data-element_type=\"widget\" data-settings=\"{&quot;_animation&quot;:&quot;fadeIn&quot;}\" data-widget_type=\"image.default\">\n\t\t\t\t<div class=\"elementor-widget-container\">\n\t\t\t\t\t\t\t\t\t\t\t\t\t\t\t<img fetchpriority=\"high\" decoding=\"async\" width=\"1200\" height=\"800\" src=\"https:\/\/avanzakayak.witty-fox.com\/wp-content\/uploads\/2024\/01\/sailboat-sea-evening-sunlight-beautiful-big-mountains-luxury-summer-adventure-active-vacation-mediterranean-sea-turkey-scaled-1-1200x800.jpg\" class=\"attachment-large size-large wp-image-15727\" alt=\"\" srcset=\"https:\/\/avanzakayak.witty-fox.com\/wp-content\/uploads\/2024\/01\/sailboat-sea-evening-sunlight-beautiful-big-mountains-luxury-summer-adventure-active-vacation-mediterranean-sea-turkey-scaled-1-1200x800.jpg 1200w, https:\/\/avanzakayak.witty-fox.com\/wp-content\/uploads\/2024\/01\/sailboat-sea-evening-sunlight-beautiful-big-mountains-luxury-summer-adventure-active-vacation-mediterranean-sea-turkey-scaled-1-150x100.jpg 150w, https:\/\/avanzakayak.witty-fox.com\/wp-content\/uploads\/2024\/01\/sailboat-sea-evening-sunlight-beautiful-big-mountains-luxury-summer-adventure-active-vacation-mediterranean-sea-turkey-scaled-1-700x467.jpg 700w, https:\/\/avanzakayak.witty-fox.com\/wp-content\/uploads\/2024\/01\/sailboat-sea-evening-sunlight-beautiful-big-mountains-luxury-summer-adventure-active-vacation-mediterranean-sea-turkey-scaled-1-400x267.jpg 400w, https:\/\/avanzakayak.witty-fox.com\/wp-content\/uploads\/2024\/01\/sailboat-sea-evening-sunlight-beautiful-big-mountains-luxury-summer-adventure-active-vacation-mediterranean-sea-turkey-scaled-1-768x512.jpg 768w, https:\/\/avanzakayak.witty-fox.com\/wp-content\/uploads\/2024\/01\/sailboat-sea-evening-sunlight-beautiful-big-mountains-luxury-summer-adventure-active-vacation-mediterranean-sea-turkey-scaled-1-1536x1024.jpg 1536w, https:\/\/avanzakayak.witty-fox.com\/wp-content\/uploads\/2024\/01\/sailboat-sea-evening-sunlight-beautiful-big-mountains-luxury-summer-adventure-active-vacation-mediterranean-sea-turkey-scaled-1-2048x1366.jpg 2048w, https:\/\/avanzakayak.witty-fox.com\/wp-content\/uploads\/2024\/01\/sailboat-sea-evening-sunlight-beautiful-big-mountains-luxury-summer-adventure-active-vacation-mediterranean-sea-turkey-scaled-1-860x573.jpg 860w\" sizes=\"(max-width: 1200px) 100vw, 1200px\" \/>\t\t\t\t\t\t\t\t\t\t\t\t\t\t\t<\/div>\n\t\t\t\t<\/div>\n\t\t\t\t<\/div>\n\t\t<div class=\"elementor-element elementor-element-cab0a79 e-con-full e-flex wd-section-disabled e-con e-child\" data-id=\"cab0a79\" data-element_type=\"container\">\n\t\t\t\t<div class=\"elementor-element elementor-element-db8fc7d elementor-widget__width-initial elementor-widget elementor-widget-image\" data-id=\"db8fc7d\" data-element_type=\"widget\" data-settings=\"{&quot;_animation_tablet&quot;:&quot;fadeInLeft&quot;}\" data-widget_type=\"image.default\">\n\t\t\t\t<div class=\"elementor-widget-container\">\n\t\t\t\t\t\t\t\t\t\t\t\t\t\t\t<img decoding=\"async\" width=\"766\" height=\"800\" src=\"https:\/\/avanzakayak.witty-fox.com\/wp-content\/uploads\/2024\/01\/wdwd-e1703681384477-766x800.jpg\" class=\"attachment-large size-large wp-image-15728\" alt=\"\" srcset=\"https:\/\/avanzakayak.witty-fox.com\/wp-content\/uploads\/2024\/01\/wdwd-e1703681384477-766x800.jpg 766w, https:\/\/avanzakayak.witty-fox.com\/wp-content\/uploads\/2024\/01\/wdwd-e1703681384477-150x157.jpg 150w, https:\/\/avanzakayak.witty-fox.com\/wp-content\/uploads\/2024\/01\/wdwd-e1703681384477-700x731.jpg 700w, https:\/\/avanzakayak.witty-fox.com\/wp-content\/uploads\/2024\/01\/wdwd-e1703681384477-287x300.jpg 287w, https:\/\/avanzakayak.witty-fox.com\/wp-content\/uploads\/2024\/01\/wdwd-e1703681384477-768x802.jpg 768w, https:\/\/avanzakayak.witty-fox.com\/wp-content\/uploads\/2024\/01\/wdwd-e1703681384477-1472x1536.jpg 1472w, https:\/\/avanzakayak.witty-fox.com\/wp-content\/uploads\/2024\/01\/wdwd-e1703681384477-860x898.jpg 860w, https:\/\/avanzakayak.witty-fox.com\/wp-content\/uploads\/2024\/01\/wdwd-e1703681384477.jpg 1917w\" sizes=\"(max-width: 766px) 100vw, 766px\" \/>\t\t\t\t\t\t\t\t\t\t\t\t\t\t\t<\/div>\n\t\t\t\t<\/div>\n\t\t\t\t<div class=\"elementor-element elementor-element-7fac4ed elementor-widget__width-initial elementor-widget elementor-widget-image\" data-id=\"7fac4ed\" data-element_type=\"widget\" data-settings=\"{&quot;_animation_tablet&quot;:&quot;fadeInLeft&quot;}\" data-widget_type=\"image.default\">\n\t\t\t\t<div class=\"elementor-widget-container\">\n\t\t\t\t\t\t\t\t\t\t\t\t\t\t\t<img loading=\"lazy\" decoding=\"async\" width=\"772\" height=\"800\" src=\"https:\/\/avanzakayak.witty-fox.com\/wp-content\/uploads\/2024\/01\/aerial-view-calm-sea-cliffs-sunny-day-scaled-e1703681361890-772x800.jpg\" class=\"attachment-large size-large wp-image-15729\" alt=\"\" srcset=\"https:\/\/avanzakayak.witty-fox.com\/wp-content\/uploads\/2024\/01\/aerial-view-calm-sea-cliffs-sunny-day-scaled-e1703681361890-772x800.jpg 772w, https:\/\/avanzakayak.witty-fox.com\/wp-content\/uploads\/2024\/01\/aerial-view-calm-sea-cliffs-sunny-day-scaled-e1703681361890-150x155.jpg 150w, https:\/\/avanzakayak.witty-fox.com\/wp-content\/uploads\/2024\/01\/aerial-view-calm-sea-cliffs-sunny-day-scaled-e1703681361890-700x726.jpg 700w, https:\/\/avanzakayak.witty-fox.com\/wp-content\/uploads\/2024\/01\/aerial-view-calm-sea-cliffs-sunny-day-scaled-e1703681361890-289x300.jpg 289w, https:\/\/avanzakayak.witty-fox.com\/wp-content\/uploads\/2024\/01\/aerial-view-calm-sea-cliffs-sunny-day-scaled-e1703681361890-768x796.jpg 768w, https:\/\/avanzakayak.witty-fox.com\/wp-content\/uploads\/2024\/01\/aerial-view-calm-sea-cliffs-sunny-day-scaled-e1703681361890-1482x1536.jpg 1482w, https:\/\/avanzakayak.witty-fox.com\/wp-content\/uploads\/2024\/01\/aerial-view-calm-sea-cliffs-sunny-day-scaled-e1703681361890-1976x2048.jpg 1976w, https:\/\/avanzakayak.witty-fox.com\/wp-content\/uploads\/2024\/01\/aerial-view-calm-sea-cliffs-sunny-day-scaled-e1703681361890-860x892.jpg 860w, https:\/\/avanzakayak.witty-fox.com\/wp-content\/uploads\/2024\/01\/aerial-view-calm-sea-cliffs-sunny-day-scaled-e1703681361890.jpg 2046w\" sizes=\"(max-width: 772px) 100vw, 772px\" \/>\t\t\t\t\t\t\t\t\t\t\t\t\t\t\t<\/div>\n\t\t\t\t<\/div>\n\t\t\t\t<div class=\"elementor-element elementor-element-34c24b2 color-scheme-inherit text-left elementor-widget elementor-widget-text-editor\" data-id=\"34c24b2\" data-element_type=\"widget\" data-widget_type=\"text-editor.default\">\n\t\t\t\t<div class=\"elementor-widget-container\">\n\t\t\t\t\t\t\t\t\t<p><span style=\"color: #333300;\"><strong>F\u00f6rs\u00e4ljningsvillkor <\/strong><\/span>F\u00f6rs\u00e4ljning sker mot faktura (10 dagar netto) till PG eller BG samt Swish. Vid st\u00f6rre order l\u00e4mnas offert. Varorna \u00e4r i v\u00e5r \u00e4go tills fullst\u00e4ndig betalning erlagts. \u00d6ppet k\u00f6p p\u00e5 alla oanv\u00e4nda varor inom 20 dagar mot uppvisande\u00a0av\u00a0kvitto. Metervaror och specialgjorda varor bytes ej. Returfrakt betalas av kunden.<\/p>\t\t\t\t\t\t\t\t<\/div>\n\t\t\t\t<\/div>\n\t\t\t\t<div class=\"elementor-element elementor-element-0f7d4e8 color-scheme-inherit text-left elementor-widget elementor-widget-text-editor\" data-id=\"0f7d4e8\" data-element_type=\"widget\" data-widget_type=\"text-editor.default\">\n\t\t\t\t<div class=\"elementor-widget-container\">\n\t\t\t\t\t\t\t\t\t<p><strong><span style=\"color: #333300;\">Best\u00e4llning<\/span> <\/strong>F\u00f6rfr\u00e5gningar och\u00a0best\u00e4llning sker l\u00e4mpligast via epost:\u00a0<a>info@avanzakayak.com<\/a>. Det\u00a0g\u00e5r\u00a0\u00e4ven bra\u00a0att\u00a0ringa\u00a0p\u00e5 telefon 08-647 47 20 s\u00e4krast vardagar mellan kl 10.00-21.00 eller\u00a0under helg. N\u00e4r jag inte \u00e4r antr\u00e4ffbar\u00a0tar telefonsvararen emot ditt samtal.<\/p>\t\t\t\t\t\t\t\t<\/div>\n\t\t\t\t<\/div>\n\t\t\t\t<div class=\"elementor-element elementor-element-2d10522 color-scheme-inherit text-left elementor-widget elementor-widget-text-editor\" data-id=\"2d10522\" data-element_type=\"widget\" data-widget_type=\"text-editor.default\">\n\t\t\t\t<div class=\"elementor-widget-container\">\n\t\t\t\t\t\t\t\t\t<p>Vid best\u00e4llning var god ange antal, artikel eller artikelnummer samt i f\u00f6rekommande\u00a0fall\u00a0storlek\u00a0och f\u00e4rg. Ange tydligt namn, adress och mobilnummer f\u00f6r avisering. Observera att\u00a0det \u00e4r f\u00e4rg- och storleksangivelsen i texten som g\u00e4ller och inte alla g\u00e5nger vad bilden visar.<strong>Leveranstider <\/strong>Vissa kajaker\/kanoter och tillbeh\u00f6r samt reservdelar som ej finns i lager kan inneb\u00e4ra l\u00e5nga leveranstider.<\/p>\t\t\t\t\t\t\t\t<\/div>\n\t\t\t\t<\/div>\n\t\t\t\t<\/div>\n\t\t\t\t<\/div>\n\t\t<div class=\"elementor-element elementor-element-fe7cf07 e-con-full e-flex wd-section-disabled e-con e-parent\" data-id=\"fe7cf07\" data-element_type=\"container\" data-settings=\"{&quot;background_background&quot;:&quot;gradient&quot;}\">\n\t\t\t\t<div class=\"elementor-element elementor-element-f0771d9 elementor-widget elementor-widget-heading\" data-id=\"f0771d9\" data-element_type=\"widget\" data-widget_type=\"heading.default\">\n\t\t\t\t<div class=\"elementor-widget-container\">\n\t\t\t\t\t<h2 class=\"elementor-heading-title elementor-size-default\">Fraktf\u00f6retag som vi anlitar<\/h2>\t\t\t\t<\/div>\n\t\t\t\t<\/div>\n\t\t\t\t<div class=\"elementor-element elementor-element-ffcec46 elementor-widget elementor-widget-heading\" data-id=\"ffcec46\" data-element_type=\"widget\" data-widget_type=\"heading.default\">\n\t\t\t\t<div class=\"elementor-widget-container\">\n\t\t\t\t\t<h2 class=\"elementor-heading-title elementor-size-default\">Vid personligt bes\u00f6k ring f\u00f6rst och avtala tid.<\/h2>\t\t\t\t<\/div>\n\t\t\t\t<\/div>\n\t\t\t\t<div class=\"elementor-element elementor-element-4f54c29 elementor-widget__width-initial elementor-widget-tablet__width-initial elementor-widget elementor-widget-wd_images_gallery\" data-id=\"4f54c29\" data-element_type=\"widget\" data-widget_type=\"wd_images_gallery.default\">\n\t\t\t\t<div class=\"elementor-widget-container\">\n\t\t\t\t\t\t\t<div class=\"wd-images-gallery wd-justify-center wd-items-middle view-carousel photoswipe-images wd-carousel-spacing-10 wd-carousel-container\" data-owl-carousel data-speed=\"\" data-slides_per_view_tablet='{\"unit\":\"px\",\"size\":6,\"sizes\":[]}' data-slides_per_view_mobile='{\"unit\":\"px\",\"size\":6,\"sizes\":[]}' data-wrap=\"no\" data-hide_pagination_control=\"no\" data-hide_prev_next_buttons=\"no\" data-desktop=\"6\" data-tablet_landscape=\"6\" data-tablet=\"6\" data-mobile=\"6\">\n\t\t\t<div class=\"gallery-images owl-carousel wd-owl owl-items-lg-6 owl-items-md-6 owl-items-sm-6 owl-items-xs-6\">\n\t\t\t\t\t\t\t\t\t\t\t\t\t\t<div class=\"wd-gallery-item\">\n\t\t\t\t\t\t\t\t\t\t\t\t\t<a  href=\"https:\/\/avanzakayak.witty-fox.com\/wp-content\/uploads\/2024\/01\/tnt-express-vector-logo-download-free-11574024703nqpgslg8em.png\"data-width=\"656\" data-height=\"369\" data-index=\"1\" data-elementor-open-lightbox=\"no\">\n\t\t\t\t\t\t\n\t\t\t\t\t\t<img decoding=\"async\" class=\"wd-lazy-load wd-lazy-fade\" src=\"https:\/\/avanzakayak.witty-fox.com\/wp-content\/themes\/woodmart\/images\/lazy.png\" data-wood-src=\"https:\/\/avanzakayak.witty-fox.com\/wp-content\/uploads\/2024\/01\/tnt-express-vector-logo-download-free-11574024703nqpgslg8em-400x225.png\"alt=\"tnt-express-vector-logo-download-free-11574024703nqpgslg8em\">\n\t\t\t\t\t\t\t\t\t\t\t\t\t<\/a>\n\t\t\t\t\t\t\t\t\t\t\t<\/div>\n\t\t\t\t\t\t\t\t\t\t\t\t\t\t\t<div class=\"wd-gallery-item\">\n\t\t\t\t\t\t\t\t\t\t\t\t\t<a  href=\"https:\/\/avanzakayak.witty-fox.com\/wp-content\/uploads\/2024\/01\/UPS-logo.png\"data-width=\"3840\" data-height=\"2160\" data-index=\"2\" data-elementor-open-lightbox=\"no\">\n\t\t\t\t\t\t\n\t\t\t\t\t\t<img decoding=\"async\" class=\"wd-lazy-load wd-lazy-fade\" src=\"https:\/\/avanzakayak.witty-fox.com\/wp-content\/themes\/woodmart\/images\/lazy.png\" data-wood-src=\"https:\/\/avanzakayak.witty-fox.com\/wp-content\/uploads\/2024\/01\/UPS-logo-400x225.png\"alt=\"UPS-logo\">\n\t\t\t\t\t\t\t\t\t\t\t\t\t<\/a>\n\t\t\t\t\t\t\t\t\t\t\t<\/div>\n\t\t\t\t\t\t\t\t\t\t\t\t\t\t\t<div class=\"wd-gallery-item\">\n\t\t\t\t\t\t\t\t\t\t\t\t\t<a  href=\"https:\/\/avanzakayak.witty-fox.com\/wp-content\/uploads\/2024\/01\/download__2_-removebg-preview.png\"data-width=\"415\" data-height=\"121\" data-index=\"3\" data-elementor-open-lightbox=\"no\">\n\t\t\t\t\t\t\n\t\t\t\t\t\t<img decoding=\"async\" class=\"wd-lazy-load wd-lazy-fade\" src=\"https:\/\/avanzakayak.witty-fox.com\/wp-content\/themes\/woodmart\/images\/lazy.png\" data-wood-src=\"https:\/\/avanzakayak.witty-fox.com\/wp-content\/uploads\/2024\/01\/download__2_-removebg-preview-400x117.png\"alt=\"download__2_-removebg-preview\">\n\t\t\t\t\t\t\t\t\t\t\t\t\t<\/a>\n\t\t\t\t\t\t\t\t\t\t\t<\/div>\n\t\t\t\t\t\t\t\t\t\t\t\t\t\t\t<div class=\"wd-gallery-item\">\n\t\t\t\t\t\t\t\t\t\t\t\t\t<a  href=\"https:\/\/avanzakayak.witty-fox.com\/wp-content\/uploads\/2024\/01\/download.jpg\"data-width=\"223\" data-height=\"126\" data-index=\"4\" data-elementor-open-lightbox=\"no\">\n\t\t\t\t\t\t\n\t\t\t\t\t\t<img decoding=\"async\" class=\"wd-lazy-load wd-lazy-fade\" src=\"https:\/\/avanzakayak.witty-fox.com\/wp-content\/themes\/woodmart\/images\/lazy.png\" data-wood-src=\"https:\/\/avanzakayak.witty-fox.com\/wp-content\/uploads\/2024\/01\/download.jpg\"alt=\"download\">\n\t\t\t\t\t\t\t\t\t\t\t\t\t<\/a>\n\t\t\t\t\t\t\t\t\t\t\t<\/div>\n\t\t\t\t\t\t\t\t\t\t\t\t\t\t\t<div class=\"wd-gallery-item\">\n\t\t\t\t\t\t\t\t\t\t\t\t\t<a  href=\"https:\/\/avanzakayak.witty-fox.com\/wp-content\/uploads\/2024\/01\/download-1-1.png\"data-width=\"225\" data-height=\"88\" data-index=\"5\" data-elementor-open-lightbox=\"no\">\n\t\t\t\t\t\t\n\t\t\t\t\t\t<img decoding=\"async\" class=\"wd-lazy-load wd-lazy-fade\" src=\"https:\/\/avanzakayak.witty-fox.com\/wp-content\/themes\/woodmart\/images\/lazy.png\" data-wood-src=\"https:\/\/avanzakayak.witty-fox.com\/wp-content\/uploads\/2024\/01\/download-1-1.png\"alt=\"download (1)\">\n\t\t\t\t\t\t\t\t\t\t\t\t\t<\/a>\n\t\t\t\t\t\t\t\t\t\t\t<\/div>\n\t\t\t\t\t\t\t\t\t\t\t\t\t\t\t<div class=\"wd-gallery-item\">\n\t\t\t\t\t\t\t\t\t\t\t\t\t<a  href=\"https:\/\/avanzakayak.witty-fox.com\/wp-content\/uploads\/2024\/01\/idzOXB4X4i.jpeg\"data-width=\"400\" data-height=\"248\" data-index=\"6\" data-elementor-open-lightbox=\"no\">\n\t\t\t\t\t\t\n\t\t\t\t\t\t<img decoding=\"async\" class=\"wd-lazy-load wd-lazy-fade\" src=\"https:\/\/avanzakayak.witty-fox.com\/wp-content\/themes\/woodmart\/images\/lazy.png\" data-wood-src=\"https:\/\/avanzakayak.witty-fox.com\/wp-content\/uploads\/2024\/01\/idzOXB4X4i.jpeg\"alt=\"idzOXB4X4i\">\n\t\t\t\t\t\t\t\t\t\t\t\t\t<\/a>\n\t\t\t\t\t\t\t\t\t\t\t<\/div>\n\t\t\t\t\t\t\t\t<\/div>\n\t\t<\/div>\n\t\t\t\t\t\t<\/div>\n\t\t\t\t<\/div>\n\t\t\t\t<div class=\"elementor-element elementor-element-735a056 color-scheme-inherit text-left elementor-widget elementor-widget-text-editor\" data-id=\"735a056\" data-element_type=\"widget\" data-widget_type=\"text-editor.default\">\n\t\t\t\t<div class=\"elementor-widget-container\">\n\t\t\t\t\t\t\t\t\t<p>Avanza Kayak &amp; Outdoor AB\u00a0<\/p><p>Per Lind<\/p>\t\t\t\t\t\t\t\t<\/div>\n\t\t\t\t<\/div>\n\t\t\t\t<\/div>\n\t\t\t\t<\/div>","protected":false},"excerpt":{"rendered":"<p>Best\u00e4llning Priser Moms (f n 25 %, 12 % f\u00f6r livsmedel\u00a0och 6 % f\u00f6r b\u00f6cker) ing\u00e5r i alla priser (avg\u00e5r<\/p>","protected":false},"author":1,"featured_media":0,"parent":0,"menu_order":0,"comment_status":"closed","ping_status":"closed","template":"","meta":{"footnotes":""},"_links":{"self":[{"href":"https:\/\/avanzakayak.witty-fox.com\/sv\/wp-json\/wp\/v2\/pages\/15628"}],"collection":[{"href":"https:\/\/avanzakayak.witty-fox.com\/sv\/wp-json\/wp\/v2\/pages"}],"about":[{"href":"https:\/\/avanzakayak.witty-fox.com\/sv\/wp-json\/wp\/v2\/types\/page"}],"author":[{"embeddable":true,"href":"https:\/\/avanzakayak.witty-fox.com\/sv\/wp-json\/wp\/v2\/users\/1"}],"replies":[{"embeddable":true,"href":"https:\/\/avanzakayak.witty-fox.com\/sv\/wp-json\/wp\/v2\/comments?post=15628"}],"version-history":[{"count":10,"href":"https:\/\/avanzakayak.witty-fox.com\/sv\/wp-json\/wp\/v2\/pages\/15628\/revisions"}],"predecessor-version":[{"id":17519,"href":"https:\/\/avanzakayak.witty-fox.com\/sv\/wp-json\/wp\/v2\/pages\/15628\/revisions\/17519"}],"wp:attachment":[{"href":"https:\/\/avanzakayak.witty-fox.com\/sv\/wp-json\/wp\/v2\/media?parent=15628"}],"curies":[{"name":"wp","href":"https:\/\/api.w.org\/{rel}","templated":true}]}}